{"id":7415,"date":"2024-05-06T09:50:16","date_gmt":"2024-05-06T09:50:16","guid":{"rendered":"https:\/\/flamen.cz\/zahradni-grily\/"},"modified":"2026-01-21T13:17:06","modified_gmt":"2026-01-21T13:17:06","slug":"zahradne-grily","status":"publish","type":"page","link":"https:\/\/flamen.cz\/sk\/zahradne-grily\/","title":{"rendered":"Z\u00e1hradn\u00e9 grily"},"content":{"rendered":"<h4>Tajomstvo dokonal\u00e9ho varenia!<\/h4>\n<p>&nbsp;<\/p>\n<p>Sme dovozcovia <strong>grilov zna\u010diek Clementi a Rocal<\/strong>. \u010ealej pon\u00fakame <strong>pece na pizzu aj zna\u010dky Clementi<\/strong>.<\/p>\n<p>Produkty s\u00fa vyroben\u00e9 z vysoko kvalitn\u00fdch materi\u00e1lov a kombinuj\u00fa elegantn\u00fd \u0161t\u00fdl s bezpe\u010dnos\u0165ou a praktickos\u0165ou. Pece poh\u00e1\u0148an\u00e9 drevom alebo plynom m\u00f4\u017eete vyu\u017ei\u0165 ako na pr\u00edpravu pizze, tak aj na \u010fal\u0161ie pokrmy ako &#8211; m\u00e4so, ryby, chlieb, zeleninu a mnoho \u010fal\u0161ieho.<\/p>\n<p>Na\u0161e produkty pon\u00fakaj\u00fa pr\u00edjemn\u00fd z\u00e1\u017eitok z varenia. V\u0161etky modely zna\u010diek Rocal a Clementi s\u00fa navrhnut\u00e9 tak, aby v\u010faka svojej vysokej kvalite vydr\u017eali po cel\u00fd \u017eivot.<\/p>\n","protected":false},"excerpt":{"rendered":"<p>Tajomstvo dokonal\u00e9ho varenia! &nbsp; Sme dovozcovia grilov zna\u010diek Clementi a Rocal. \u010ealej pon\u00fakame pece na pizzu aj zna\u010dky Clementi. Produkty s\u00fa vyroben\u00e9 z vysoko kvalitn\u00fdch materi\u00e1lov a kombinuj\u00fa elegantn\u00fd \u0161t\u00fdl s bezpe\u010dnos\u0165ou a praktickos\u0165ou. Pece poh\u00e1\u0148an\u00e9 drevom alebo plynom m\u00f4\u017eete vyu\u017ei\u0165 ako na pr\u00edpravu pizze, tak aj na \u010fal\u0161ie pokrmy ako &#8211; m\u00e4so, ryby, chlieb, [&hellip;]<\/p>\n","protected":false},"author":1,"featured_media":5613,"parent":0,"menu_order":34,"comment_status":"closed","ping_status":"closed","template":"templates\/template-produkty.php","meta":{"_acf_changed":false,"footnotes":""},"class_list":["post-7415","page","type-page","status-publish","has-post-thumbnail","hentry"],"acf":[],"yoast_head":"<!-- This site is optimized with the Yoast SEO plugin v27.4 - https:\/\/yoast.com\/product\/yoast-seo-wordpress\/ -->\n<title>Z\u00e1hradn\u00e9 grily | Flamen Czech Republic, s.r.o.<\/title>\n<meta name=\"robots\" content=\"index, follow, max-snippet:-1, max-image-preview:large, max-video-preview:-1\" \/>\n<link rel=\"canonical\" href=\"https:\/\/flamen.cz\/sk\/zahradne-grily\/\" \/>\n<meta property=\"og:locale\" content=\"sk_SK\" \/>\n<meta property=\"og:type\" content=\"article\" \/>\n<meta property=\"og:title\" content=\"Z\u00e1hradn\u00e9 grily | Flamen Czech Republic, s.r.o.\" \/>\n<meta property=\"og:description\" content=\"Tajomstvo dokonal\u00e9ho varenia! &nbsp; Sme dovozcovia grilov zna\u010diek Clementi a Rocal. \u010ealej pon\u00fakame pece na pizzu aj zna\u010dky Clementi. Produkty s\u00fa vyroben\u00e9 z vysoko kvalitn\u00fdch materi\u00e1lov a kombinuj\u00fa elegantn\u00fd \u0161t\u00fdl s bezpe\u010dnos\u0165ou a praktickos\u0165ou. Pece poh\u00e1\u0148an\u00e9 drevom alebo plynom m\u00f4\u017eete vyu\u017ei\u0165 ako na pr\u00edpravu pizze, tak aj na \u010fal\u0161ie pokrmy ako &#8211; m\u00e4so, ryby, chlieb, [&hellip;]\" \/>\n<meta property=\"og:url\" content=\"https:\/\/flamen.cz\/sk\/zahradne-grily\/\" \/>\n<meta property=\"og:site_name\" content=\"Flamen Czech Republic, s.r.o.\" \/>\n<meta property=\"article:publisher\" content=\"https:\/\/www.facebook.com\/krbyakamnarocal\" \/>\n<meta property=\"article:modified_time\" content=\"2026-01-21T13:17:06+00:00\" \/>\n<meta property=\"og:image\" content=\"https:\/\/flamen.cz\/wp-content\/uploads\/2024\/06\/Clementi-Colorado-varna-deska.jpg\" \/>\n\t<meta property=\"og:image:width\" content=\"600\" \/>\n\t<meta property=\"og:image:height\" content=\"400\" \/>\n\t<meta property=\"og:image:type\" content=\"image\/jpeg\" \/>\n<meta name=\"twitter:card\" content=\"summary_large_image\" \/>\n<meta name=\"twitter:label1\" content=\"Predpokladan\u00fd \u010das \u010d\u00edtania\" \/>\n\t<meta name=\"twitter:data1\" content=\"1 min\u00fata\" \/>\n<script type=\"application\/ld+json\" class=\"yoast-schema-graph\">{\"@context\":\"https:\\\/\\\/schema.org\",\"@graph\":[{\"@type\":\"WebPage\",\"@id\":\"https:\\\/\\\/flamen.cz\\\/sk\\\/zahradne-grily\\\/\",\"url\":\"https:\\\/\\\/flamen.cz\\\/sk\\\/zahradne-grily\\\/\",\"name\":\"Z\u00e1hradn\u00e9 grily | Flamen Czech Republic, s.r.o.\",\"isPartOf\":{\"@id\":\"https:\\\/\\\/flamen.cz\\\/#website\"},\"primaryImageOfPage\":{\"@id\":\"https:\\\/\\\/flamen.cz\\\/sk\\\/zahradne-grily\\\/#primaryimage\"},\"image\":{\"@id\":\"https:\\\/\\\/flamen.cz\\\/sk\\\/zahradne-grily\\\/#primaryimage\"},\"thumbnailUrl\":\"https:\\\/\\\/flamen.cz\\\/wp-content\\\/uploads\\\/2024\\\/06\\\/Clementi-Colorado-varna-deska.jpg\",\"datePublished\":\"2024-05-06T09:50:16+00:00\",\"dateModified\":\"2026-01-21T13:17:06+00:00\",\"breadcrumb\":{\"@id\":\"https:\\\/\\\/flamen.cz\\\/sk\\\/zahradne-grily\\\/#breadcrumb\"},\"inLanguage\":\"sk-SK\",\"potentialAction\":[{\"@type\":\"ReadAction\",\"target\":[\"https:\\\/\\\/flamen.cz\\\/sk\\\/zahradne-grily\\\/\"]}]},{\"@type\":\"ImageObject\",\"inLanguage\":\"sk-SK\",\"@id\":\"https:\\\/\\\/flamen.cz\\\/sk\\\/zahradne-grily\\\/#primaryimage\",\"url\":\"https:\\\/\\\/flamen.cz\\\/wp-content\\\/uploads\\\/2024\\\/06\\\/Clementi-Colorado-varna-deska.jpg\",\"contentUrl\":\"https:\\\/\\\/flamen.cz\\\/wp-content\\\/uploads\\\/2024\\\/06\\\/Clementi-Colorado-varna-deska.jpg\",\"width\":600,\"height\":400,\"caption\":\"Venkovn\u00ed grilov\u00e1n\u00ed na zahrad\u011b s modern\u00edm grilem\"},{\"@type\":\"BreadcrumbList\",\"@id\":\"https:\\\/\\\/flamen.cz\\\/sk\\\/zahradne-grily\\\/#breadcrumb\",\"itemListElement\":[{\"@type\":\"ListItem\",\"position\":1,\"name\":\"Dom\u016f\",\"item\":\"https:\\\/\\\/flamen.cz\\\/sk\\\/\"},{\"@type\":\"ListItem\",\"position\":2,\"name\":\"Z\u00e1hradn\u00e9 grily\"}]},{\"@type\":\"WebSite\",\"@id\":\"https:\\\/\\\/flamen.cz\\\/#website\",\"url\":\"https:\\\/\\\/flamen.cz\\\/\",\"name\":\"Flamen Czech Republic, s.r.o.\",\"description\":\"FLAMEN dov\u00e1\u017e\u00ed a instaluje krby a kamna na d\u0159evo, pelety, plyn \u010di biol\u00edh, a stav\u00ed kom\u00edny.\",\"potentialAction\":[{\"@type\":\"SearchAction\",\"target\":{\"@type\":\"EntryPoint\",\"urlTemplate\":\"https:\\\/\\\/flamen.cz\\\/?s={search_term_string}\"},\"query-input\":{\"@type\":\"PropertyValueSpecification\",\"valueRequired\":true,\"valueName\":\"search_term_string\"}}],\"inLanguage\":\"sk-SK\"}]}<\/script>\n<!-- \/ Yoast SEO plugin. -->","yoast_head_json":{"title":"Z\u00e1hradn\u00e9 grily | Flamen Czech Republic, s.r.o.","robots":{"index":"index","follow":"follow","max-snippet":"max-snippet:-1","max-image-preview":"max-image-preview:large","max-video-preview":"max-video-preview:-1"},"canonical":"https:\/\/flamen.cz\/sk\/zahradne-grily\/","og_locale":"sk_SK","og_type":"article","og_title":"Z\u00e1hradn\u00e9 grily | Flamen Czech Republic, s.r.o.","og_description":"Tajomstvo dokonal\u00e9ho varenia! &nbsp; Sme dovozcovia grilov zna\u010diek Clementi a Rocal. \u010ealej pon\u00fakame pece na pizzu aj zna\u010dky Clementi. Produkty s\u00fa vyroben\u00e9 z vysoko kvalitn\u00fdch materi\u00e1lov a kombinuj\u00fa elegantn\u00fd \u0161t\u00fdl s bezpe\u010dnos\u0165ou a praktickos\u0165ou. Pece poh\u00e1\u0148an\u00e9 drevom alebo plynom m\u00f4\u017eete vyu\u017ei\u0165 ako na pr\u00edpravu pizze, tak aj na \u010fal\u0161ie pokrmy ako &#8211; m\u00e4so, ryby, chlieb, [&hellip;]","og_url":"https:\/\/flamen.cz\/sk\/zahradne-grily\/","og_site_name":"Flamen Czech Republic, s.r.o.","article_publisher":"https:\/\/www.facebook.com\/krbyakamnarocal","article_modified_time":"2026-01-21T13:17:06+00:00","og_image":[{"width":600,"height":400,"url":"https:\/\/flamen.cz\/wp-content\/uploads\/2024\/06\/Clementi-Colorado-varna-deska.jpg","type":"image\/jpeg"}],"twitter_card":"summary_large_image","twitter_misc":{"Predpokladan\u00fd \u010das \u010d\u00edtania":"1 min\u00fata"},"schema":{"@context":"https:\/\/schema.org","@graph":[{"@type":"WebPage","@id":"https:\/\/flamen.cz\/sk\/zahradne-grily\/","url":"https:\/\/flamen.cz\/sk\/zahradne-grily\/","name":"Z\u00e1hradn\u00e9 grily | Flamen Czech Republic, s.r.o.","isPartOf":{"@id":"https:\/\/flamen.cz\/#website"},"primaryImageOfPage":{"@id":"https:\/\/flamen.cz\/sk\/zahradne-grily\/#primaryimage"},"image":{"@id":"https:\/\/flamen.cz\/sk\/zahradne-grily\/#primaryimage"},"thumbnailUrl":"https:\/\/flamen.cz\/wp-content\/uploads\/2024\/06\/Clementi-Colorado-varna-deska.jpg","datePublished":"2024-05-06T09:50:16+00:00","dateModified":"2026-01-21T13:17:06+00:00","breadcrumb":{"@id":"https:\/\/flamen.cz\/sk\/zahradne-grily\/#breadcrumb"},"inLanguage":"sk-SK","potentialAction":[{"@type":"ReadAction","target":["https:\/\/flamen.cz\/sk\/zahradne-grily\/"]}]},{"@type":"ImageObject","inLanguage":"sk-SK","@id":"https:\/\/flamen.cz\/sk\/zahradne-grily\/#primaryimage","url":"https:\/\/flamen.cz\/wp-content\/uploads\/2024\/06\/Clementi-Colorado-varna-deska.jpg","contentUrl":"https:\/\/flamen.cz\/wp-content\/uploads\/2024\/06\/Clementi-Colorado-varna-deska.jpg","width":600,"height":400,"caption":"Venkovn\u00ed grilov\u00e1n\u00ed na zahrad\u011b s modern\u00edm grilem"},{"@type":"BreadcrumbList","@id":"https:\/\/flamen.cz\/sk\/zahradne-grily\/#breadcrumb","itemListElement":[{"@type":"ListItem","position":1,"name":"Dom\u016f","item":"https:\/\/flamen.cz\/sk\/"},{"@type":"ListItem","position":2,"name":"Z\u00e1hradn\u00e9 grily"}]},{"@type":"WebSite","@id":"https:\/\/flamen.cz\/#website","url":"https:\/\/flamen.cz\/","name":"Flamen Czech Republic, s.r.o.","description":"FLAMEN dov\u00e1\u017e\u00ed a instaluje krby a kamna na d\u0159evo, pelety, plyn \u010di biol\u00edh, a stav\u00ed kom\u00edny.","potentialAction":[{"@type":"SearchAction","target":{"@type":"EntryPoint","urlTemplate":"https:\/\/flamen.cz\/?s={search_term_string}"},"query-input":{"@type":"PropertyValueSpecification","valueRequired":true,"valueName":"search_term_string"}}],"inLanguage":"sk-SK"}]}},"_links":{"self":[{"href":"https:\/\/flamen.cz\/sk\/wp-json\/wp\/v2\/pages\/7415","targetHints":{"allow":["GET"]}}],"collection":[{"href":"https:\/\/flamen.cz\/sk\/wp-json\/wp\/v2\/pages"}],"about":[{"href":"https:\/\/flamen.cz\/sk\/wp-json\/wp\/v2\/types\/page"}],"author":[{"embeddable":true,"href":"https:\/\/flamen.cz\/sk\/wp-json\/wp\/v2\/users\/1"}],"replies":[{"embeddable":true,"href":"https:\/\/flamen.cz\/sk\/wp-json\/wp\/v2\/comments?post=7415"}],"version-history":[{"count":5,"href":"https:\/\/flamen.cz\/sk\/wp-json\/wp\/v2\/pages\/7415\/revisions"}],"predecessor-version":[{"id":14590,"href":"https:\/\/flamen.cz\/sk\/wp-json\/wp\/v2\/pages\/7415\/revisions\/14590"}],"wp:featuredmedia":[{"embeddable":true,"href":"https:\/\/flamen.cz\/sk\/wp-json\/wp\/v2\/media\/5613"}],"wp:attachment":[{"href":"https:\/\/flamen.cz\/sk\/wp-json\/wp\/v2\/media?parent=7415"}],"curies":[{"name":"wp","href":"https:\/\/api.w.org\/{rel}","templated":true}]}}