{"id":7297,"date":"2025-01-29T14:34:45","date_gmt":"2025-01-29T14:34:45","guid":{"rendered":"https:\/\/flamen.cz\/designove-krby-na-biolih\/"},"modified":"2026-01-21T13:15:35","modified_gmt":"2026-01-21T13:15:35","slug":"dizajnove-krby-na-biolieh","status":"publish","type":"page","link":"https:\/\/flamen.cz\/sk\/dizajnove-krby-na-biolieh\/","title":{"rendered":"Dizajnov\u00e9 krby na biolieh"},"content":{"rendered":"<p><strong>Cocoon &#8211; modern\u00e1 a ekologick\u00e1 vo\u013eba pre v\u00e1\u0161 domov!<\/strong><br \/>\nDizajnov\u00e9 krby Cocoon na biolieh kombinuj\u00fa kr\u00e1su a funk\u010dnos\u0165 v jednom. Nevy\u017eaduj\u00fa kom\u00edn ani pripojenie na elektrinu, a preto s\u00fa ide\u00e1lne pre byty, kancel\u00e1rie alebo priestory, kde je in\u0161tal\u00e1cia tradi\u010dn\u00e9ho krbu nemo\u017en\u00e1. S\u00fa dokonalou ozdobou v z\u00e1hrad\u00e1ch pri z\u00e1hradn\u00fdch p\u00e1rty, svadobn\u00fdch ve\u010deroch, pri baz\u00e9noch \u010di pri romantickom poseden\u00ed pod pergolou.<\/p>\n<p>Bioliehov\u00e9 krby Cocoon je mo\u017en\u00e9 postavi\u0165 na zem, zavesi\u0165 na strop, alebo namontova\u0165 na stenu.<\/p>\n<p>Krby na biolieh s\u00fa ekologick\u00e9, \u013eahk\u00e9 na \u00fadr\u017ebu a bezpe\u010dn\u00e9 na prev\u00e1dzku. Zna\u010dka Cocoon je ide\u00e1lnou vo\u013ebou pre t\u00fdch, ktor\u00ed h\u013eadaj\u00fa efekt\u00edvny a \u0161t\u00fdlov\u00fd krb s minim\u00e1lnymi n\u00e1rokmi na priestor a \u00fadr\u017ebu.<\/p>\n<p>Ich minimalistick\u00fd dizajn a \u0161irok\u00e1 ponuka \u0161t\u00fdlov a tvarov umo\u017e\u0148uj\u00fa prisp\u00f4sobenie ka\u017ed\u00e9mu priestoru, od modern\u00fdch bytov po rustik\u00e1lne chalupy. V\u010faka technol\u00f3gii bioliehu m\u00f4\u017eete u\u017e\u00edva\u0165 plamene bez zlo\u017eitej in\u0161tal\u00e1cie alebo vysok\u00fdch prev\u00e1dzkov\u00fdch n\u00e1kladov. \u010ci u\u017e h\u013ead\u00e1te ambientn\u00e9 osvetlenie, teplo, alebo jednoducho kr\u00e1sny dizajnov\u00fd prvok, krby Cocoon to v\u0161etko sp\u013a\u0148aj\u00fa s maxim\u00e1lnym komfortom a n\u00edzkymi n\u00e1rokmi.<\/p>\n","protected":false},"excerpt":{"rendered":"<h3>Rocal je modern\u00ed t\u0159e\u0161inka na dortu ve va\u0161em interi\u00e9ru.<\/h3>\n","protected":false},"author":4,"featured_media":7041,"parent":0,"menu_order":20,"comment_status":"closed","ping_status":"closed","template":"templates\/template-produkty.php","meta":{"_acf_changed":false,"footnotes":""},"class_list":["post-7297","page","type-page","status-publish","has-post-thumbnail","hentry"],"acf":[],"yoast_head":"<!-- This site is optimized with the Yoast SEO plugin v27.3 - https:\/\/yoast.com\/product\/yoast-seo-wordpress\/ -->\n<title>Dizajnov\u00e9 krby na biolieh | Flamen Czech Republic, s.r.o.<\/title>\n<meta name=\"description\" content=\"Dokonal\u00e9 designov\u00e9 krby na biol\u00edh. Bu\u010f stoj\u00ed na noh\u00e1ch, nebo vis\u00ed na strop\u011b \u010di na zdi. Nepot\u0159ebuj\u00ed kom\u00edn a skv\u011ble vypadaj\u00ed!\" \/>\n<meta name=\"robots\" content=\"index, follow, max-snippet:-1, max-image-preview:large, max-video-preview:-1\" \/>\n<link rel=\"canonical\" href=\"https:\/\/flamen.cz\/sk\/dizajnove-krby-na-biolieh\/\" \/>\n<meta property=\"og:locale\" content=\"sk_SK\" \/>\n<meta property=\"og:type\" content=\"article\" \/>\n<meta property=\"og:title\" content=\"Dizajnov\u00e9 krby na biolieh | Flamen Czech Republic, s.r.o.\" \/>\n<meta property=\"og:description\" content=\"Dokonal\u00e9 designov\u00e9 krby na biol\u00edh. Bu\u010f stoj\u00ed na noh\u00e1ch, nebo vis\u00ed na strop\u011b \u010di na zdi. Nepot\u0159ebuj\u00ed kom\u00edn a skv\u011ble vypadaj\u00ed!\" \/>\n<meta property=\"og:url\" content=\"https:\/\/flamen.cz\/sk\/dizajnove-krby-na-biolieh\/\" \/>\n<meta property=\"og:site_name\" content=\"Flamen Czech Republic, s.r.o.\" \/>\n<meta property=\"article:publisher\" content=\"https:\/\/www.facebook.com\/krbyakamnarocal\" \/>\n<meta property=\"article:modified_time\" content=\"2026-01-21T13:15:35+00:00\" \/>\n<meta property=\"og:image\" content=\"https:\/\/flamen.cz\/wp-content\/uploads\/2025\/01\/Cocoon-Aeris-exlusive-nerez-ruzne-delky.jpg\" \/>\n\t<meta property=\"og:image:width\" content=\"539\" \/>\n\t<meta property=\"og:image:height\" content=\"432\" \/>\n\t<meta property=\"og:image:type\" content=\"image\/jpeg\" \/>\n<meta name=\"twitter:card\" content=\"summary_large_image\" \/>\n<meta name=\"twitter:label1\" content=\"Predpokladan\u00fd \u010das \u010d\u00edtania\" \/>\n\t<meta name=\"twitter:data1\" content=\"2 min\u00faty\" \/>\n<script type=\"application\/ld+json\" class=\"yoast-schema-graph\">{\"@context\":\"https:\\\/\\\/schema.org\",\"@graph\":[{\"@type\":\"WebPage\",\"@id\":\"https:\\\/\\\/flamen.cz\\\/sk\\\/dizajnove-krby-na-biolieh\\\/\",\"url\":\"https:\\\/\\\/flamen.cz\\\/sk\\\/dizajnove-krby-na-biolieh\\\/\",\"name\":\"Dizajnov\u00e9 krby na biolieh | Flamen Czech Republic, s.r.o.\",\"isPartOf\":{\"@id\":\"https:\\\/\\\/flamen.cz\\\/#website\"},\"primaryImageOfPage\":{\"@id\":\"https:\\\/\\\/flamen.cz\\\/sk\\\/dizajnove-krby-na-biolieh\\\/#primaryimage\"},\"image\":{\"@id\":\"https:\\\/\\\/flamen.cz\\\/sk\\\/dizajnove-krby-na-biolieh\\\/#primaryimage\"},\"thumbnailUrl\":\"https:\\\/\\\/flamen.cz\\\/wp-content\\\/uploads\\\/2025\\\/01\\\/Cocoon-Aeris-exlusive-nerez-ruzne-delky.jpg\",\"datePublished\":\"2025-01-29T14:34:45+00:00\",\"dateModified\":\"2026-01-21T13:15:35+00:00\",\"description\":\"Dokonal\u00e9 designov\u00e9 krby na biol\u00edh. Bu\u010f stoj\u00ed na noh\u00e1ch, nebo vis\u00ed na strop\u011b \u010di na zdi. Nepot\u0159ebuj\u00ed kom\u00edn a skv\u011ble vypadaj\u00ed!\",\"breadcrumb\":{\"@id\":\"https:\\\/\\\/flamen.cz\\\/sk\\\/dizajnove-krby-na-biolieh\\\/#breadcrumb\"},\"inLanguage\":\"sk-SK\",\"potentialAction\":[{\"@type\":\"ReadAction\",\"target\":[\"https:\\\/\\\/flamen.cz\\\/sk\\\/dizajnove-krby-na-biolieh\\\/\"]}]},{\"@type\":\"ImageObject\",\"inLanguage\":\"sk-SK\",\"@id\":\"https:\\\/\\\/flamen.cz\\\/sk\\\/dizajnove-krby-na-biolieh\\\/#primaryimage\",\"url\":\"https:\\\/\\\/flamen.cz\\\/wp-content\\\/uploads\\\/2025\\\/01\\\/Cocoon-Aeris-exlusive-nerez-ruzne-delky.jpg\",\"contentUrl\":\"https:\\\/\\\/flamen.cz\\\/wp-content\\\/uploads\\\/2025\\\/01\\\/Cocoon-Aeris-exlusive-nerez-ruzne-delky.jpg\",\"width\":539,\"height\":432,\"caption\":\"Z\u00e1v\u011bsn\u00e9 krby na bioethanol jako designov\u00fd prvek modern\u00edho interi\u00e9ru\"},{\"@type\":\"BreadcrumbList\",\"@id\":\"https:\\\/\\\/flamen.cz\\\/sk\\\/dizajnove-krby-na-biolieh\\\/#breadcrumb\",\"itemListElement\":[{\"@type\":\"ListItem\",\"position\":1,\"name\":\"Dom\u016f\",\"item\":\"https:\\\/\\\/flamen.cz\\\/sk\\\/\"},{\"@type\":\"ListItem\",\"position\":2,\"name\":\"Dizajnov\u00e9 krby na biolieh\"}]},{\"@type\":\"WebSite\",\"@id\":\"https:\\\/\\\/flamen.cz\\\/#website\",\"url\":\"https:\\\/\\\/flamen.cz\\\/\",\"name\":\"Flamen Czech Republic, s.r.o.\",\"description\":\"FLAMEN dov\u00e1\u017e\u00ed a instaluje krby a kamna na d\u0159evo, pelety, plyn \u010di biol\u00edh, a stav\u00ed kom\u00edny.\",\"potentialAction\":[{\"@type\":\"SearchAction\",\"target\":{\"@type\":\"EntryPoint\",\"urlTemplate\":\"https:\\\/\\\/flamen.cz\\\/?s={search_term_string}\"},\"query-input\":{\"@type\":\"PropertyValueSpecification\",\"valueRequired\":true,\"valueName\":\"search_term_string\"}}],\"inLanguage\":\"sk-SK\"}]}<\/script>\n<!-- \/ Yoast SEO plugin. -->","yoast_head_json":{"title":"Dizajnov\u00e9 krby na biolieh | Flamen Czech Republic, s.r.o.","description":"Dokonal\u00e9 designov\u00e9 krby na biol\u00edh. Bu\u010f stoj\u00ed na noh\u00e1ch, nebo vis\u00ed na strop\u011b \u010di na zdi. Nepot\u0159ebuj\u00ed kom\u00edn a skv\u011ble vypadaj\u00ed!","robots":{"index":"index","follow":"follow","max-snippet":"max-snippet:-1","max-image-preview":"max-image-preview:large","max-video-preview":"max-video-preview:-1"},"canonical":"https:\/\/flamen.cz\/sk\/dizajnove-krby-na-biolieh\/","og_locale":"sk_SK","og_type":"article","og_title":"Dizajnov\u00e9 krby na biolieh | Flamen Czech Republic, s.r.o.","og_description":"Dokonal\u00e9 designov\u00e9 krby na biol\u00edh. Bu\u010f stoj\u00ed na noh\u00e1ch, nebo vis\u00ed na strop\u011b \u010di na zdi. Nepot\u0159ebuj\u00ed kom\u00edn a skv\u011ble vypadaj\u00ed!","og_url":"https:\/\/flamen.cz\/sk\/dizajnove-krby-na-biolieh\/","og_site_name":"Flamen Czech Republic, s.r.o.","article_publisher":"https:\/\/www.facebook.com\/krbyakamnarocal","article_modified_time":"2026-01-21T13:15:35+00:00","og_image":[{"width":539,"height":432,"url":"https:\/\/flamen.cz\/wp-content\/uploads\/2025\/01\/Cocoon-Aeris-exlusive-nerez-ruzne-delky.jpg","type":"image\/jpeg"}],"twitter_card":"summary_large_image","twitter_misc":{"Predpokladan\u00fd \u010das \u010d\u00edtania":"2 min\u00faty"},"schema":{"@context":"https:\/\/schema.org","@graph":[{"@type":"WebPage","@id":"https:\/\/flamen.cz\/sk\/dizajnove-krby-na-biolieh\/","url":"https:\/\/flamen.cz\/sk\/dizajnove-krby-na-biolieh\/","name":"Dizajnov\u00e9 krby na biolieh | Flamen Czech Republic, s.r.o.","isPartOf":{"@id":"https:\/\/flamen.cz\/#website"},"primaryImageOfPage":{"@id":"https:\/\/flamen.cz\/sk\/dizajnove-krby-na-biolieh\/#primaryimage"},"image":{"@id":"https:\/\/flamen.cz\/sk\/dizajnove-krby-na-biolieh\/#primaryimage"},"thumbnailUrl":"https:\/\/flamen.cz\/wp-content\/uploads\/2025\/01\/Cocoon-Aeris-exlusive-nerez-ruzne-delky.jpg","datePublished":"2025-01-29T14:34:45+00:00","dateModified":"2026-01-21T13:15:35+00:00","description":"Dokonal\u00e9 designov\u00e9 krby na biol\u00edh. Bu\u010f stoj\u00ed na noh\u00e1ch, nebo vis\u00ed na strop\u011b \u010di na zdi. Nepot\u0159ebuj\u00ed kom\u00edn a skv\u011ble vypadaj\u00ed!","breadcrumb":{"@id":"https:\/\/flamen.cz\/sk\/dizajnove-krby-na-biolieh\/#breadcrumb"},"inLanguage":"sk-SK","potentialAction":[{"@type":"ReadAction","target":["https:\/\/flamen.cz\/sk\/dizajnove-krby-na-biolieh\/"]}]},{"@type":"ImageObject","inLanguage":"sk-SK","@id":"https:\/\/flamen.cz\/sk\/dizajnove-krby-na-biolieh\/#primaryimage","url":"https:\/\/flamen.cz\/wp-content\/uploads\/2025\/01\/Cocoon-Aeris-exlusive-nerez-ruzne-delky.jpg","contentUrl":"https:\/\/flamen.cz\/wp-content\/uploads\/2025\/01\/Cocoon-Aeris-exlusive-nerez-ruzne-delky.jpg","width":539,"height":432,"caption":"Z\u00e1v\u011bsn\u00e9 krby na bioethanol jako designov\u00fd prvek modern\u00edho interi\u00e9ru"},{"@type":"BreadcrumbList","@id":"https:\/\/flamen.cz\/sk\/dizajnove-krby-na-biolieh\/#breadcrumb","itemListElement":[{"@type":"ListItem","position":1,"name":"Dom\u016f","item":"https:\/\/flamen.cz\/sk\/"},{"@type":"ListItem","position":2,"name":"Dizajnov\u00e9 krby na biolieh"}]},{"@type":"WebSite","@id":"https:\/\/flamen.cz\/#website","url":"https:\/\/flamen.cz\/","name":"Flamen Czech Republic, s.r.o.","description":"FLAMEN dov\u00e1\u017e\u00ed a instaluje krby a kamna na d\u0159evo, pelety, plyn \u010di biol\u00edh, a stav\u00ed kom\u00edny.","potentialAction":[{"@type":"SearchAction","target":{"@type":"EntryPoint","urlTemplate":"https:\/\/flamen.cz\/?s={search_term_string}"},"query-input":{"@type":"PropertyValueSpecification","valueRequired":true,"valueName":"search_term_string"}}],"inLanguage":"sk-SK"}]}},"_links":{"self":[{"href":"https:\/\/flamen.cz\/sk\/wp-json\/wp\/v2\/pages\/7297","targetHints":{"allow":["GET"]}}],"collection":[{"href":"https:\/\/flamen.cz\/sk\/wp-json\/wp\/v2\/pages"}],"about":[{"href":"https:\/\/flamen.cz\/sk\/wp-json\/wp\/v2\/types\/page"}],"author":[{"embeddable":true,"href":"https:\/\/flamen.cz\/sk\/wp-json\/wp\/v2\/users\/4"}],"replies":[{"embeddable":true,"href":"https:\/\/flamen.cz\/sk\/wp-json\/wp\/v2\/comments?post=7297"}],"version-history":[{"count":2,"href":"https:\/\/flamen.cz\/sk\/wp-json\/wp\/v2\/pages\/7297\/revisions"}],"predecessor-version":[{"id":7299,"href":"https:\/\/flamen.cz\/sk\/wp-json\/wp\/v2\/pages\/7297\/revisions\/7299"}],"wp:featuredmedia":[{"embeddable":true,"href":"https:\/\/flamen.cz\/sk\/wp-json\/wp\/v2\/media\/7041"}],"wp:attachment":[{"href":"https:\/\/flamen.cz\/sk\/wp-json\/wp\/v2\/media?parent=7297"}],"curies":[{"name":"wp","href":"https:\/\/api.w.org\/{rel}","templated":true}]}}