{"id":6905,"date":"2024-06-24T07:47:52","date_gmt":"2024-06-24T07:47:52","guid":{"rendered":"https:\/\/flamen.cz\/kamna-na-pelety\/"},"modified":"2026-01-21T13:19:53","modified_gmt":"2026-01-21T13:19:53","slug":"kachle-na-pelety","status":"publish","type":"page","link":"https:\/\/flamen.cz\/sk\/kachle-na-pelety\/","title":{"rendered":"Kachle na pelety"},"content":{"rendered":"<p id=\"tw-target-text\" class=\"tw-data-text tw-text-large tw-ta\" dir=\"ltr\" data-placeholder=\"P\u0159eklad\" data-ved=\"2ahUKEwig4baZ_ouLAxXtlP0HHQOXL_UQ3ewLegQIBxAV\" aria-label=\"P\u0159elo\u017een\u00fd text: Mastencov\u00e9 akumula\u010dn\u00e9 kachle na pelety ALTECH Kachle na pelety bez potreby elektrickej energie! To s\u00fa kachle od v\u00fdrobcu Altech. Mastencov\u00e9 kachle na pelety Altech spa\u013euj\u00fa dreven\u00e9 pelety a na rozdiel od be\u017en\u00fdch peletov\u00fdch kachl\u00ed s\u00fa nez\u00e1visl\u00e9, nie s\u00fa pripojen\u00e9 k elektrine, a preto nevy\u017eaduj\u00fa \u017eiadne pravideln\u00e9 servisn\u00e9 kontroly. Preto\u017ee nemaj\u00fa pohybliv\u00e9 mechanizmy, nebudete sa musie\u0165 stret\u00e1va\u0165 s hlukom ani poruchami. Patentovan\u00e1 technol\u00f3gia\u00a0mikro-sply\u0148ovanie\u00a0m\u00e1\u00a0\u010dist\u00e9 spa\u013eovanie\u00a0a\u00a0ve\u013emi vysok\u00fa \u00fa\u010dinnos\u0165 a\u017e 94 %. Pelety sa iba nasyp\u00fa do hor\u00e1ka umiestnen\u00e9ho na dne ohniska a zhora zap\u00e1lia. Postupne cca 2 hodiny prehorievaj\u00fa smerom dole a\u017e \u00faplne zhoria. Plame\u0148 z nich vyzer\u00e1 prirodzene a ohe\u0148 pomaly a pr\u00edjemne pl\u00e1pol\u00e1. Po dohoren\u00ed peliet mastencov\u00e9 kachle \u010falej s\u00e1laj\u00fa pr\u00edjemn\u00e9 (infra\u010derven\u00e9) teplo po dobu 4 hod\u00edn. V pr\u00edpade potreby je mo\u017en\u00e9 po dohoren\u00ed prvej d\u00e1vky nasypa\u0165 \u010fal\u0161iu d\u00e1vku peliet a cel\u00fd cyklus opakova\u0165. Objavte sami mastencov\u00e9 kachle na pelety a mnoho v\u00fdhod, ktor\u00e9 pon\u00fakaj\u00fa.\"><strong><span class=\"Y2IQFc\" lang=\"sk\">Mastencov\u00e9 akumula\u010dn\u00e9 kachle na pelety ALTECH<\/span><\/strong><\/p>\n<p class=\"tw-data-text tw-text-large tw-ta\" dir=\"ltr\" data-placeholder=\"P\u0159eklad\" data-ved=\"2ahUKEwig4baZ_ouLAxXtlP0HHQOXL_UQ3ewLegQIBxAV\" aria-label=\"P\u0159elo\u017een\u00fd text: Mastencov\u00e9 akumula\u010dn\u00e9 kachle na pelety ALTECH Kachle na pelety bez potreby elektrickej energie! To s\u00fa kachle od v\u00fdrobcu Altech. Mastencov\u00e9 kachle na pelety Altech spa\u013euj\u00fa dreven\u00e9 pelety a na rozdiel od be\u017en\u00fdch peletov\u00fdch kachl\u00ed s\u00fa nez\u00e1visl\u00e9, nie s\u00fa pripojen\u00e9 k elektrine, a preto nevy\u017eaduj\u00fa \u017eiadne pravideln\u00e9 servisn\u00e9 kontroly. Preto\u017ee nemaj\u00fa pohybliv\u00e9 mechanizmy, nebudete sa musie\u0165 stret\u00e1va\u0165 s hlukom ani poruchami. Patentovan\u00e1 technol\u00f3gia\u00a0mikro-sply\u0148ovanie\u00a0m\u00e1\u00a0\u010dist\u00e9 spa\u013eovanie\u00a0a\u00a0ve\u013emi vysok\u00fa \u00fa\u010dinnos\u0165 a\u017e 94 %. Pelety sa iba nasyp\u00fa do hor\u00e1ka umiestnen\u00e9ho na dne ohniska a zhora zap\u00e1lia. Postupne cca 2 hodiny prehorievaj\u00fa smerom dole a\u017e \u00faplne zhoria. Plame\u0148 z nich vyzer\u00e1 prirodzene a ohe\u0148 pomaly a pr\u00edjemne pl\u00e1pol\u00e1. Po dohoren\u00ed peliet mastencov\u00e9 kachle \u010falej s\u00e1laj\u00fa pr\u00edjemn\u00e9 (infra\u010derven\u00e9) teplo po dobu 4 hod\u00edn. V pr\u00edpade potreby je mo\u017en\u00e9 po dohoren\u00ed prvej d\u00e1vky nasypa\u0165 \u010fal\u0161iu d\u00e1vku peliet a cel\u00fd cyklus opakova\u0165. Objavte sami mastencov\u00e9 kachle na pelety a mnoho v\u00fdhod, ktor\u00e9 pon\u00fakaj\u00fa.\"><span class=\"Y2IQFc\" lang=\"sk\"><strong>Kachle na pelety bez potreby elektrickej energie<\/strong>! To s\u00fa kachle od v\u00fdrobcu Altech.<\/span><\/p>\n<p class=\"tw-data-text tw-text-large tw-ta\" dir=\"ltr\" data-placeholder=\"P\u0159eklad\" data-ved=\"2ahUKEwig4baZ_ouLAxXtlP0HHQOXL_UQ3ewLegQIBxAV\" aria-label=\"P\u0159elo\u017een\u00fd text: Mastencov\u00e9 akumula\u010dn\u00e9 kachle na pelety ALTECH Kachle na pelety bez potreby elektrickej energie! To s\u00fa kachle od v\u00fdrobcu Altech. Mastencov\u00e9 kachle na pelety Altech spa\u013euj\u00fa dreven\u00e9 pelety a na rozdiel od be\u017en\u00fdch peletov\u00fdch kachl\u00ed s\u00fa nez\u00e1visl\u00e9, nie s\u00fa pripojen\u00e9 k elektrine, a preto nevy\u017eaduj\u00fa \u017eiadne pravideln\u00e9 servisn\u00e9 kontroly. Preto\u017ee nemaj\u00fa pohybliv\u00e9 mechanizmy, nebudete sa musie\u0165 stret\u00e1va\u0165 s hlukom ani poruchami. Patentovan\u00e1 technol\u00f3gia\u00a0mikro-sply\u0148ovanie\u00a0m\u00e1\u00a0\u010dist\u00e9 spa\u013eovanie\u00a0a\u00a0ve\u013emi vysok\u00fa \u00fa\u010dinnos\u0165 a\u017e 94 %. Pelety sa iba nasyp\u00fa do hor\u00e1ka umiestnen\u00e9ho na dne ohniska a zhora zap\u00e1lia. Postupne cca 2 hodiny prehorievaj\u00fa smerom dole a\u017e \u00faplne zhoria. Plame\u0148 z nich vyzer\u00e1 prirodzene a ohe\u0148 pomaly a pr\u00edjemne pl\u00e1pol\u00e1. Po dohoren\u00ed peliet mastencov\u00e9 kachle \u010falej s\u00e1laj\u00fa pr\u00edjemn\u00e9 (infra\u010derven\u00e9) teplo po dobu 4 hod\u00edn. V pr\u00edpade potreby je mo\u017en\u00e9 po dohoren\u00ed prvej d\u00e1vky nasypa\u0165 \u010fal\u0161iu d\u00e1vku peliet a cel\u00fd cyklus opakova\u0165. Objavte sami mastencov\u00e9 kachle na pelety a mnoho v\u00fdhod, ktor\u00e9 pon\u00fakaj\u00fa.\"><span class=\"Y2IQFc\" lang=\"sk\">Mastencov\u00e9 kachle na pelety Altech spa\u013euj\u00fa dreven\u00e9 pelety a na rozdiel od be\u017en\u00fdch peletov\u00fdch kachl\u00ed s\u00fa nez\u00e1visl\u00e9, nie s\u00fa pripojen\u00e9 k elektrine, a preto nevy\u017eaduj\u00fa <strong>\u017eiadne pravideln\u00e9 servisn\u00e9 kontroly<\/strong>. Preto\u017ee <strong>nemaj\u00fa pohybliv\u00e9 mechanizmy<\/strong>, nebudete sa musie\u0165 stret\u00e1va\u0165 s hlukom ani poruchami. <\/span><\/p>\n<p class=\"tw-data-text tw-text-large tw-ta\" dir=\"ltr\" data-placeholder=\"P\u0159eklad\" data-ved=\"2ahUKEwig4baZ_ouLAxXtlP0HHQOXL_UQ3ewLegQIBxAV\" aria-label=\"P\u0159elo\u017een\u00fd text: Mastencov\u00e9 akumula\u010dn\u00e9 kachle na pelety ALTECH Kachle na pelety bez potreby elektrickej energie! To s\u00fa kachle od v\u00fdrobcu Altech. Mastencov\u00e9 kachle na pelety Altech spa\u013euj\u00fa dreven\u00e9 pelety a na rozdiel od be\u017en\u00fdch peletov\u00fdch kachl\u00ed s\u00fa nez\u00e1visl\u00e9, nie s\u00fa pripojen\u00e9 k elektrine, a preto nevy\u017eaduj\u00fa \u017eiadne pravideln\u00e9 servisn\u00e9 kontroly. Preto\u017ee nemaj\u00fa pohybliv\u00e9 mechanizmy, nebudete sa musie\u0165 stret\u00e1va\u0165 s hlukom ani poruchami. Patentovan\u00e1 technol\u00f3gia\u00a0mikro-sply\u0148ovanie\u00a0m\u00e1\u00a0\u010dist\u00e9 spa\u013eovanie\u00a0a\u00a0ve\u013emi vysok\u00fa \u00fa\u010dinnos\u0165 a\u017e 94 %. Pelety sa iba nasyp\u00fa do hor\u00e1ka umiestnen\u00e9ho na dne ohniska a zhora zap\u00e1lia. Postupne cca 2 hodiny prehorievaj\u00fa smerom dole a\u017e \u00faplne zhoria. Plame\u0148 z nich vyzer\u00e1 prirodzene a ohe\u0148 pomaly a pr\u00edjemne pl\u00e1pol\u00e1. Po dohoren\u00ed peliet mastencov\u00e9 kachle \u010falej s\u00e1laj\u00fa pr\u00edjemn\u00e9 (infra\u010derven\u00e9) teplo po dobu 4 hod\u00edn. V pr\u00edpade potreby je mo\u017en\u00e9 po dohoren\u00ed prvej d\u00e1vky nasypa\u0165 \u010fal\u0161iu d\u00e1vku peliet a cel\u00fd cyklus opakova\u0165. Objavte sami mastencov\u00e9 kachle na pelety a mnoho v\u00fdhod, ktor\u00e9 pon\u00fakaj\u00fa.\"><span class=\"Y2IQFc\" lang=\"sk\">Patentovan\u00e1 technol\u00f3gia\u00a0<strong>mikro-sply\u0148ovanie<\/strong>\u00a0m\u00e1<strong>\u00a0\u010dist\u00e9 spa\u013eovanie\u00a0a\u00a0ve\u013emi vysok\u00fa \u00fa\u010dinnos\u0165 a\u017e 94 %<\/strong>. Pelety sa iba nasyp\u00fa do hor\u00e1ka umiestnen\u00e9ho na dne ohniska a zhora zap\u00e1lia. Postupne cca 2 hodiny prehorievaj\u00fa smerom dole a\u017e \u00faplne zhoria. Plame\u0148 z nich vyzer\u00e1 prirodzene a ohe\u0148 pomaly a pr\u00edjemne pl\u00e1pol\u00e1. <\/span><\/p>\n<p class=\"tw-data-text tw-text-large tw-ta\" dir=\"ltr\" data-placeholder=\"P\u0159eklad\" data-ved=\"2ahUKEwig4baZ_ouLAxXtlP0HHQOXL_UQ3ewLegQIBxAV\" aria-label=\"P\u0159elo\u017een\u00fd text: Mastencov\u00e9 akumula\u010dn\u00e9 kachle na pelety ALTECH Kachle na pelety bez potreby elektrickej energie! To s\u00fa kachle od v\u00fdrobcu Altech. Mastencov\u00e9 kachle na pelety Altech spa\u013euj\u00fa dreven\u00e9 pelety a na rozdiel od be\u017en\u00fdch peletov\u00fdch kachl\u00ed s\u00fa nez\u00e1visl\u00e9, nie s\u00fa pripojen\u00e9 k elektrine, a preto nevy\u017eaduj\u00fa \u017eiadne pravideln\u00e9 servisn\u00e9 kontroly. Preto\u017ee nemaj\u00fa pohybliv\u00e9 mechanizmy, nebudete sa musie\u0165 stret\u00e1va\u0165 s hlukom ani poruchami. Patentovan\u00e1 technol\u00f3gia\u00a0mikro-sply\u0148ovanie\u00a0m\u00e1\u00a0\u010dist\u00e9 spa\u013eovanie\u00a0a\u00a0ve\u013emi vysok\u00fa \u00fa\u010dinnos\u0165 a\u017e 94 %. Pelety sa iba nasyp\u00fa do hor\u00e1ka umiestnen\u00e9ho na dne ohniska a zhora zap\u00e1lia. Postupne cca 2 hodiny prehorievaj\u00fa smerom dole a\u017e \u00faplne zhoria. Plame\u0148 z nich vyzer\u00e1 prirodzene a ohe\u0148 pomaly a pr\u00edjemne pl\u00e1pol\u00e1. Po dohoren\u00ed peliet mastencov\u00e9 kachle \u010falej s\u00e1laj\u00fa pr\u00edjemn\u00e9 (infra\u010derven\u00e9) teplo po dobu 4 hod\u00edn. V pr\u00edpade potreby je mo\u017en\u00e9 po dohoren\u00ed prvej d\u00e1vky nasypa\u0165 \u010fal\u0161iu d\u00e1vku peliet a cel\u00fd cyklus opakova\u0165. Objavte sami mastencov\u00e9 kachle na pelety a mnoho v\u00fdhod, ktor\u00e9 pon\u00fakaj\u00fa.\"><span class=\"Y2IQFc\" lang=\"sk\">Po dohoren\u00ed peliet mastencov\u00e9 kachle \u010falej s\u00e1laj\u00fa pr\u00edjemn\u00e9 (infra\u010derven\u00e9) teplo po dobu <strong>4 hod\u00edn<\/strong>. V pr\u00edpade potreby je mo\u017en\u00e9 po dohoren\u00ed prvej d\u00e1vky nasypa\u0165 \u010fal\u0161iu d\u00e1vku peliet a cel\u00fd cyklus opakova\u0165. <\/span><\/p>\n<p class=\"tw-data-text tw-text-large tw-ta\" dir=\"ltr\" data-placeholder=\"P\u0159eklad\" data-ved=\"2ahUKEwig4baZ_ouLAxXtlP0HHQOXL_UQ3ewLegQIBxAV\" aria-label=\"P\u0159elo\u017een\u00fd text: Mastencov\u00e9 akumula\u010dn\u00e9 kachle na pelety ALTECH Kachle na pelety bez potreby elektrickej energie! To s\u00fa kachle od v\u00fdrobcu Altech. Mastencov\u00e9 kachle na pelety Altech spa\u013euj\u00fa dreven\u00e9 pelety a na rozdiel od be\u017en\u00fdch peletov\u00fdch kachl\u00ed s\u00fa nez\u00e1visl\u00e9, nie s\u00fa pripojen\u00e9 k elektrine, a preto nevy\u017eaduj\u00fa \u017eiadne pravideln\u00e9 servisn\u00e9 kontroly. Preto\u017ee nemaj\u00fa pohybliv\u00e9 mechanizmy, nebudete sa musie\u0165 stret\u00e1va\u0165 s hlukom ani poruchami. Patentovan\u00e1 technol\u00f3gia\u00a0mikro-sply\u0148ovanie\u00a0m\u00e1\u00a0\u010dist\u00e9 spa\u013eovanie\u00a0a\u00a0ve\u013emi vysok\u00fa \u00fa\u010dinnos\u0165 a\u017e 94 %. Pelety sa iba nasyp\u00fa do hor\u00e1ka umiestnen\u00e9ho na dne ohniska a zhora zap\u00e1lia. Postupne cca 2 hodiny prehorievaj\u00fa smerom dole a\u017e \u00faplne zhoria. Plame\u0148 z nich vyzer\u00e1 prirodzene a ohe\u0148 pomaly a pr\u00edjemne pl\u00e1pol\u00e1. Po dohoren\u00ed peliet mastencov\u00e9 kachle \u010falej s\u00e1laj\u00fa pr\u00edjemn\u00e9 (infra\u010derven\u00e9) teplo po dobu 4 hod\u00edn. V pr\u00edpade potreby je mo\u017en\u00e9 po dohoren\u00ed prvej d\u00e1vky nasypa\u0165 \u010fal\u0161iu d\u00e1vku peliet a cel\u00fd cyklus opakova\u0165. Objavte sami mastencov\u00e9 kachle na pelety a mnoho v\u00fdhod, ktor\u00e9 pon\u00fakaj\u00fa.\"><span class=\"Y2IQFc\" lang=\"sk\">Objavte sami mastencov\u00e9 kachle na pelety a mnoho v\u00fdhod, ktor\u00e9 pon\u00fakaj\u00fa.<\/span><\/p>\n","protected":false},"excerpt":{"rendered":"<p>Mastencov\u00e9 akumula\u010dn\u00e9 kachle na pelety ALTECH Kachle na pelety bez potreby elektrickej energie! To s\u00fa kachle od v\u00fdrobcu Altech. Mastencov\u00e9 kachle na pelety Altech spa\u013euj\u00fa dreven\u00e9 pelety a na rozdiel od be\u017en\u00fdch peletov\u00fdch kachl\u00ed s\u00fa nez\u00e1visl\u00e9, nie s\u00fa pripojen\u00e9 k elektrine, a preto nevy\u017eaduj\u00fa \u017eiadne pravideln\u00e9 servisn\u00e9 kontroly. Preto\u017ee nemaj\u00fa pohybliv\u00e9 mechanizmy, nebudete sa musie\u0165 [&hellip;]<\/p>\n","protected":false},"author":2,"featured_media":13780,"parent":0,"menu_order":30,"comment_status":"closed","ping_status":"closed","template":"templates\/template-produkty.php","meta":{"_acf_changed":false,"footnotes":""},"class_list":["post-6905","page","type-page","status-publish","has-post-thumbnail","hentry"],"acf":[],"yoast_head":"<!-- This site is optimized with the Yoast SEO plugin v27.4 - https:\/\/yoast.com\/product\/yoast-seo-wordpress\/ -->\n<title>Kachle na pelety | Flamen Czech Republic, s.r.o.<\/title>\n<meta name=\"robots\" content=\"index, follow, max-snippet:-1, max-image-preview:large, max-video-preview:-1\" \/>\n<link rel=\"canonical\" href=\"https:\/\/flamen.cz\/sk\/kachle-na-pelety\/\" \/>\n<meta property=\"og:locale\" content=\"sk_SK\" \/>\n<meta property=\"og:type\" content=\"article\" \/>\n<meta property=\"og:title\" content=\"Kachle na pelety | Flamen Czech Republic, s.r.o.\" \/>\n<meta property=\"og:description\" content=\"Mastencov\u00e9 akumula\u010dn\u00e9 kachle na pelety ALTECH Kachle na pelety bez potreby elektrickej energie! To s\u00fa kachle od v\u00fdrobcu Altech. Mastencov\u00e9 kachle na pelety Altech spa\u013euj\u00fa dreven\u00e9 pelety a na rozdiel od be\u017en\u00fdch peletov\u00fdch kachl\u00ed s\u00fa nez\u00e1visl\u00e9, nie s\u00fa pripojen\u00e9 k elektrine, a preto nevy\u017eaduj\u00fa \u017eiadne pravideln\u00e9 servisn\u00e9 kontroly. Preto\u017ee nemaj\u00fa pohybliv\u00e9 mechanizmy, nebudete sa musie\u0165 [&hellip;]\" \/>\n<meta property=\"og:url\" content=\"https:\/\/flamen.cz\/sk\/kachle-na-pelety\/\" \/>\n<meta property=\"og:site_name\" content=\"Flamen Czech Republic, s.r.o.\" \/>\n<meta property=\"article:publisher\" content=\"https:\/\/www.facebook.com\/krbyakamnarocal\" \/>\n<meta property=\"article:modified_time\" content=\"2026-01-21T13:19:53+00:00\" \/>\n<meta property=\"og:image\" content=\"https:\/\/flamen.cz\/wp-content\/uploads\/2026\/01\/akumulacni-kamna-altech-grande-nobles-pellet-naturel-v-interieru.webp\" \/>\n\t<meta property=\"og:image:width\" content=\"1200\" \/>\n\t<meta property=\"og:image:height\" content=\"706\" \/>\n\t<meta property=\"og:image:type\" content=\"image\/webp\" \/>\n<meta name=\"twitter:card\" content=\"summary_large_image\" \/>\n<meta name=\"twitter:label1\" content=\"Predpokladan\u00fd \u010das \u010d\u00edtania\" \/>\n\t<meta name=\"twitter:data1\" content=\"2 min\u00faty\" \/>\n<script type=\"application\/ld+json\" class=\"yoast-schema-graph\">{\"@context\":\"https:\\\/\\\/schema.org\",\"@graph\":[{\"@type\":\"WebPage\",\"@id\":\"https:\\\/\\\/flamen.cz\\\/sk\\\/kachle-na-pelety\\\/\",\"url\":\"https:\\\/\\\/flamen.cz\\\/sk\\\/kachle-na-pelety\\\/\",\"name\":\"Kachle na pelety | Flamen Czech Republic, s.r.o.\",\"isPartOf\":{\"@id\":\"https:\\\/\\\/flamen.cz\\\/#website\"},\"primaryImageOfPage\":{\"@id\":\"https:\\\/\\\/flamen.cz\\\/sk\\\/kachle-na-pelety\\\/#primaryimage\"},\"image\":{\"@id\":\"https:\\\/\\\/flamen.cz\\\/sk\\\/kachle-na-pelety\\\/#primaryimage\"},\"thumbnailUrl\":\"https:\\\/\\\/flamen.cz\\\/wp-content\\\/uploads\\\/2026\\\/01\\\/akumulacni-kamna-altech-grande-nobles-pellet-naturel-v-interieru.webp\",\"datePublished\":\"2024-06-24T07:47:52+00:00\",\"dateModified\":\"2026-01-21T13:19:53+00:00\",\"breadcrumb\":{\"@id\":\"https:\\\/\\\/flamen.cz\\\/sk\\\/kachle-na-pelety\\\/#breadcrumb\"},\"inLanguage\":\"sk-SK\",\"potentialAction\":[{\"@type\":\"ReadAction\",\"target\":[\"https:\\\/\\\/flamen.cz\\\/sk\\\/kachle-na-pelety\\\/\"]}]},{\"@type\":\"ImageObject\",\"inLanguage\":\"sk-SK\",\"@id\":\"https:\\\/\\\/flamen.cz\\\/sk\\\/kachle-na-pelety\\\/#primaryimage\",\"url\":\"https:\\\/\\\/flamen.cz\\\/wp-content\\\/uploads\\\/2026\\\/01\\\/akumulacni-kamna-altech-grande-nobles-pellet-naturel-v-interieru.webp\",\"contentUrl\":\"https:\\\/\\\/flamen.cz\\\/wp-content\\\/uploads\\\/2026\\\/01\\\/akumulacni-kamna-altech-grande-nobles-pellet-naturel-v-interieru.webp\",\"width\":1200,\"height\":706,\"caption\":\"Mastkov\u00e1 akumula\u010dn\u00ed kamna na pelety Altech bez nutnosti p\u0159ipojen\u00ed k elekt\u0159in\u011b um\u00edst\u011bn\u00e1 v elegantn\u00edm modern\u00edm interi\u00e9ru. Kamna kombinuj\u00ed p\u0159\u00edrodn\u00ed mastkov\u00fd obklad, vysokou \u00fa\u010dinnost spalov\u00e1n\u00ed a dlouhodob\u00e9 s\u00e1lav\u00e9 teplo.\"},{\"@type\":\"BreadcrumbList\",\"@id\":\"https:\\\/\\\/flamen.cz\\\/sk\\\/kachle-na-pelety\\\/#breadcrumb\",\"itemListElement\":[{\"@type\":\"ListItem\",\"position\":1,\"name\":\"Dom\u016f\",\"item\":\"https:\\\/\\\/flamen.cz\\\/sk\\\/\"},{\"@type\":\"ListItem\",\"position\":2,\"name\":\"Kachle na pelety\"}]},{\"@type\":\"WebSite\",\"@id\":\"https:\\\/\\\/flamen.cz\\\/#website\",\"url\":\"https:\\\/\\\/flamen.cz\\\/\",\"name\":\"Flamen Czech Republic, s.r.o.\",\"description\":\"FLAMEN dov\u00e1\u017e\u00ed a instaluje krby a kamna na d\u0159evo, pelety, plyn \u010di biol\u00edh, a stav\u00ed kom\u00edny.\",\"potentialAction\":[{\"@type\":\"SearchAction\",\"target\":{\"@type\":\"EntryPoint\",\"urlTemplate\":\"https:\\\/\\\/flamen.cz\\\/?s={search_term_string}\"},\"query-input\":{\"@type\":\"PropertyValueSpecification\",\"valueRequired\":true,\"valueName\":\"search_term_string\"}}],\"inLanguage\":\"sk-SK\"}]}<\/script>\n<!-- \/ Yoast SEO plugin. -->","yoast_head_json":{"title":"Kachle na pelety | Flamen Czech Republic, s.r.o.","robots":{"index":"index","follow":"follow","max-snippet":"max-snippet:-1","max-image-preview":"max-image-preview:large","max-video-preview":"max-video-preview:-1"},"canonical":"https:\/\/flamen.cz\/sk\/kachle-na-pelety\/","og_locale":"sk_SK","og_type":"article","og_title":"Kachle na pelety | Flamen Czech Republic, s.r.o.","og_description":"Mastencov\u00e9 akumula\u010dn\u00e9 kachle na pelety ALTECH Kachle na pelety bez potreby elektrickej energie! To s\u00fa kachle od v\u00fdrobcu Altech. Mastencov\u00e9 kachle na pelety Altech spa\u013euj\u00fa dreven\u00e9 pelety a na rozdiel od be\u017en\u00fdch peletov\u00fdch kachl\u00ed s\u00fa nez\u00e1visl\u00e9, nie s\u00fa pripojen\u00e9 k elektrine, a preto nevy\u017eaduj\u00fa \u017eiadne pravideln\u00e9 servisn\u00e9 kontroly. Preto\u017ee nemaj\u00fa pohybliv\u00e9 mechanizmy, nebudete sa musie\u0165 [&hellip;]","og_url":"https:\/\/flamen.cz\/sk\/kachle-na-pelety\/","og_site_name":"Flamen Czech Republic, s.r.o.","article_publisher":"https:\/\/www.facebook.com\/krbyakamnarocal","article_modified_time":"2026-01-21T13:19:53+00:00","og_image":[{"width":1200,"height":706,"url":"https:\/\/flamen.cz\/wp-content\/uploads\/2026\/01\/akumulacni-kamna-altech-grande-nobles-pellet-naturel-v-interieru.webp","type":"image\/webp"}],"twitter_card":"summary_large_image","twitter_misc":{"Predpokladan\u00fd \u010das \u010d\u00edtania":"2 min\u00faty"},"schema":{"@context":"https:\/\/schema.org","@graph":[{"@type":"WebPage","@id":"https:\/\/flamen.cz\/sk\/kachle-na-pelety\/","url":"https:\/\/flamen.cz\/sk\/kachle-na-pelety\/","name":"Kachle na pelety | Flamen Czech Republic, s.r.o.","isPartOf":{"@id":"https:\/\/flamen.cz\/#website"},"primaryImageOfPage":{"@id":"https:\/\/flamen.cz\/sk\/kachle-na-pelety\/#primaryimage"},"image":{"@id":"https:\/\/flamen.cz\/sk\/kachle-na-pelety\/#primaryimage"},"thumbnailUrl":"https:\/\/flamen.cz\/wp-content\/uploads\/2026\/01\/akumulacni-kamna-altech-grande-nobles-pellet-naturel-v-interieru.webp","datePublished":"2024-06-24T07:47:52+00:00","dateModified":"2026-01-21T13:19:53+00:00","breadcrumb":{"@id":"https:\/\/flamen.cz\/sk\/kachle-na-pelety\/#breadcrumb"},"inLanguage":"sk-SK","potentialAction":[{"@type":"ReadAction","target":["https:\/\/flamen.cz\/sk\/kachle-na-pelety\/"]}]},{"@type":"ImageObject","inLanguage":"sk-SK","@id":"https:\/\/flamen.cz\/sk\/kachle-na-pelety\/#primaryimage","url":"https:\/\/flamen.cz\/wp-content\/uploads\/2026\/01\/akumulacni-kamna-altech-grande-nobles-pellet-naturel-v-interieru.webp","contentUrl":"https:\/\/flamen.cz\/wp-content\/uploads\/2026\/01\/akumulacni-kamna-altech-grande-nobles-pellet-naturel-v-interieru.webp","width":1200,"height":706,"caption":"Mastkov\u00e1 akumula\u010dn\u00ed kamna na pelety Altech bez nutnosti p\u0159ipojen\u00ed k elekt\u0159in\u011b um\u00edst\u011bn\u00e1 v elegantn\u00edm modern\u00edm interi\u00e9ru. Kamna kombinuj\u00ed p\u0159\u00edrodn\u00ed mastkov\u00fd obklad, vysokou \u00fa\u010dinnost spalov\u00e1n\u00ed a dlouhodob\u00e9 s\u00e1lav\u00e9 teplo."},{"@type":"BreadcrumbList","@id":"https:\/\/flamen.cz\/sk\/kachle-na-pelety\/#breadcrumb","itemListElement":[{"@type":"ListItem","position":1,"name":"Dom\u016f","item":"https:\/\/flamen.cz\/sk\/"},{"@type":"ListItem","position":2,"name":"Kachle na pelety"}]},{"@type":"WebSite","@id":"https:\/\/flamen.cz\/#website","url":"https:\/\/flamen.cz\/","name":"Flamen Czech Republic, s.r.o.","description":"FLAMEN dov\u00e1\u017e\u00ed a instaluje krby a kamna na d\u0159evo, pelety, plyn \u010di biol\u00edh, a stav\u00ed kom\u00edny.","potentialAction":[{"@type":"SearchAction","target":{"@type":"EntryPoint","urlTemplate":"https:\/\/flamen.cz\/?s={search_term_string}"},"query-input":{"@type":"PropertyValueSpecification","valueRequired":true,"valueName":"search_term_string"}}],"inLanguage":"sk-SK"}]}},"_links":{"self":[{"href":"https:\/\/flamen.cz\/sk\/wp-json\/wp\/v2\/pages\/6905","targetHints":{"allow":["GET"]}}],"collection":[{"href":"https:\/\/flamen.cz\/sk\/wp-json\/wp\/v2\/pages"}],"about":[{"href":"https:\/\/flamen.cz\/sk\/wp-json\/wp\/v2\/types\/page"}],"author":[{"embeddable":true,"href":"https:\/\/flamen.cz\/sk\/wp-json\/wp\/v2\/users\/2"}],"replies":[{"embeddable":true,"href":"https:\/\/flamen.cz\/sk\/wp-json\/wp\/v2\/comments?post=6905"}],"version-history":[{"count":3,"href":"https:\/\/flamen.cz\/sk\/wp-json\/wp\/v2\/pages\/6905\/revisions"}],"predecessor-version":[{"id":14591,"href":"https:\/\/flamen.cz\/sk\/wp-json\/wp\/v2\/pages\/6905\/revisions\/14591"}],"wp:featuredmedia":[{"embeddable":true,"href":"https:\/\/flamen.cz\/sk\/wp-json\/wp\/v2\/media\/13780"}],"wp:attachment":[{"href":"https:\/\/flamen.cz\/sk\/wp-json\/wp\/v2\/media?parent=6905"}],"curies":[{"name":"wp","href":"https:\/\/api.w.org\/{rel}","templated":true}]}}