{"id":6340,"date":"2024-01-27T12:24:13","date_gmt":"2024-01-27T12:24:13","guid":{"rendered":"https:\/\/flamen.cz\/?page_id=6340"},"modified":"2025-05-23T09:30:11","modified_gmt":"2025-05-23T09:30:11","slug":"nase-realizacie","status":"publish","type":"page","link":"https:\/\/flamen.cz\/sk\/nase-realizacie\/","title":{"rendered":"Na\u0161e realiz\u00e1cie"},"content":{"rendered":"<p id=\"tw-target-text\" class=\"tw-data-text tw-text-large tw-ta\" dir=\"ltr\" data-placeholder=\"P\u0159eklad\" data-ved=\"2ahUKEwiT4dm1ormNAxWI7AIHHQ1gL84Q3ewLegQICRAV\" aria-label=\"P\u0159elo\u017een\u00fd text: FLAMEN je v\u00fdhradn\u00fdm dovozcom starostlivo vybran\u00fdch zna\u010diek krbov a kachl\u00ed na drevo, pelety \u010di na biolieh \u2013 vo\u013ene stojacich alebo z\u00e1vesn\u00fdch na strop \u010di na stenu.\n\nRealiz\u00e1ciami pokr\u00fdvame cel\u00fa \u010cesk\u00fa republiku. Samozrejmos\u0165ou je bezplatn\u00e9 poradenstvo, vr\u00e1tane zameriavania na mieste in\u0161tal\u00e1cie.\n\nM\u00e1me vlastn\u00e9 kachle a komin\u00e1rov, staviame krby, kachle i kom\u00edny a zais\u0165ujeme kompletn\u00e9 in\u0161tal\u00e1cie vr\u00e1tane stavebn\u00fdch \u00faprav a rev\u00edzi\u00ed.\n\nPre jednotliv\u00e9 modely krbov a kachl\u00ed m\u00e1me 3D dwg modely, SketchUp a s\u00fa tie\u017e v kni\u017enici PaletteCAD.\n\nPrezrite si na\u0161e realiz\u00e1cie a in\u0161pirujte sa konkr\u00e9tnymi n\u00e1vrhmi z r\u00f4znych typov a \u0161t\u00fdlov interi\u00e9rov aj stavieb.\n\nRadi v\u00e1s a va\u0161ich klientov priv\u00edtame v na\u0161om showroome v Brand\u00fdse nad Labem.\"><span class=\"Y2IQFc\" lang=\"sk\">FLAMEN je v\u00fdhradn\u00fdm dovozcom starostlivo vybran\u00fdch zna\u010diek krbov a kachl\u00ed na drevo, pelety \u010di na biolieh \u2013 vo\u013ene stojacich alebo z\u00e1vesn\u00fdch na strop \u010di na stenu.<\/span><\/p>\n<p class=\"tw-data-text tw-text-large tw-ta\" dir=\"ltr\" data-placeholder=\"P\u0159eklad\" data-ved=\"2ahUKEwiT4dm1ormNAxWI7AIHHQ1gL84Q3ewLegQICRAV\" aria-label=\"P\u0159elo\u017een\u00fd text: FLAMEN je v\u00fdhradn\u00fdm dovozcom starostlivo vybran\u00fdch zna\u010diek krbov a kachl\u00ed na drevo, pelety \u010di na biolieh \u2013 vo\u013ene stojacich alebo z\u00e1vesn\u00fdch na strop \u010di na stenu.\n\nRealiz\u00e1ciami pokr\u00fdvame cel\u00fa \u010cesk\u00fa republiku. Samozrejmos\u0165ou je bezplatn\u00e9 poradenstvo, vr\u00e1tane zameriavania na mieste in\u0161tal\u00e1cie.\n\nM\u00e1me vlastn\u00e9 kachle a komin\u00e1rov, staviame krby, kachle i kom\u00edny a zais\u0165ujeme kompletn\u00e9 in\u0161tal\u00e1cie vr\u00e1tane stavebn\u00fdch \u00faprav a rev\u00edzi\u00ed.\n\nPre jednotliv\u00e9 modely krbov a kachl\u00ed m\u00e1me 3D dwg modely, SketchUp a s\u00fa tie\u017e v kni\u017enici PaletteCAD.\n\nPrezrite si na\u0161e realiz\u00e1cie a in\u0161pirujte sa konkr\u00e9tnymi n\u00e1vrhmi z r\u00f4znych typov a \u0161t\u00fdlov interi\u00e9rov aj stavieb.\n\nRadi v\u00e1s a va\u0161ich klientov priv\u00edtame v na\u0161om showroome v Brand\u00fdse nad Labem.\"><span class=\"Y2IQFc\" lang=\"sk\"><strong>Realiz\u00e1ciami pokr\u00fdvame cel\u00fa \u010cesk\u00fa republiku.<\/strong> Samozrejmos\u0165ou je bezplatn\u00e9 poradenstvo, vr\u00e1tane zameriavania na mieste in\u0161tal\u00e1cie.<\/span><\/p>\n<p class=\"tw-data-text tw-text-large tw-ta\" dir=\"ltr\" data-placeholder=\"P\u0159eklad\" data-ved=\"2ahUKEwiT4dm1ormNAxWI7AIHHQ1gL84Q3ewLegQICRAV\" aria-label=\"P\u0159elo\u017een\u00fd text: FLAMEN je v\u00fdhradn\u00fdm dovozcom starostlivo vybran\u00fdch zna\u010diek krbov a kachl\u00ed na drevo, pelety \u010di na biolieh \u2013 vo\u013ene stojacich alebo z\u00e1vesn\u00fdch na strop \u010di na stenu.\n\nRealiz\u00e1ciami pokr\u00fdvame cel\u00fa \u010cesk\u00fa republiku. Samozrejmos\u0165ou je bezplatn\u00e9 poradenstvo, vr\u00e1tane zameriavania na mieste in\u0161tal\u00e1cie.\n\nM\u00e1me vlastn\u00e9 kachle a komin\u00e1rov, staviame krby, kachle i kom\u00edny a zais\u0165ujeme kompletn\u00e9 in\u0161tal\u00e1cie vr\u00e1tane stavebn\u00fdch \u00faprav a rev\u00edzi\u00ed.\n\nPre jednotliv\u00e9 modely krbov a kachl\u00ed m\u00e1me 3D dwg modely, SketchUp a s\u00fa tie\u017e v kni\u017enici PaletteCAD.\n\nPrezrite si na\u0161e realiz\u00e1cie a in\u0161pirujte sa konkr\u00e9tnymi n\u00e1vrhmi z r\u00f4znych typov a \u0161t\u00fdlov interi\u00e9rov aj stavieb.\n\nRadi v\u00e1s a va\u0161ich klientov priv\u00edtame v na\u0161om showroome v Brand\u00fdse nad Labem.\"><span class=\"Y2IQFc\" lang=\"sk\">M\u00e1me vlastn\u00e9 kachliare a komin\u00e1rov, staviame krby, kachle i kom\u00edny a zais\u0165ujeme kompletn\u00e9 in\u0161tal\u00e1cie vr\u00e1tane stavebn\u00fdch \u00faprav a rev\u00edzi\u00ed.<\/span><\/p>\n<p class=\"tw-data-text tw-text-large tw-ta\" dir=\"ltr\" data-placeholder=\"P\u0159eklad\" data-ved=\"2ahUKEwiT4dm1ormNAxWI7AIHHQ1gL84Q3ewLegQICRAV\" aria-label=\"P\u0159elo\u017een\u00fd text: FLAMEN je v\u00fdhradn\u00fdm dovozcom starostlivo vybran\u00fdch zna\u010diek krbov a kachl\u00ed na drevo, pelety \u010di na biolieh \u2013 vo\u013ene stojacich alebo z\u00e1vesn\u00fdch na strop \u010di na stenu.\n\nRealiz\u00e1ciami pokr\u00fdvame cel\u00fa \u010cesk\u00fa republiku. Samozrejmos\u0165ou je bezplatn\u00e9 poradenstvo, vr\u00e1tane zameriavania na mieste in\u0161tal\u00e1cie.\n\nM\u00e1me vlastn\u00e9 kachle a komin\u00e1rov, staviame krby, kachle i kom\u00edny a zais\u0165ujeme kompletn\u00e9 in\u0161tal\u00e1cie vr\u00e1tane stavebn\u00fdch \u00faprav a rev\u00edzi\u00ed.\n\nPre jednotliv\u00e9 modely krbov a kachl\u00ed m\u00e1me 3D dwg modely, SketchUp a s\u00fa tie\u017e v kni\u017enici PaletteCAD.\n\nPrezrite si na\u0161e realiz\u00e1cie a in\u0161pirujte sa konkr\u00e9tnymi n\u00e1vrhmi z r\u00f4znych typov a \u0161t\u00fdlov interi\u00e9rov aj stavieb.\n\nRadi v\u00e1s a va\u0161ich klientov priv\u00edtame v na\u0161om showroome v Brand\u00fdse nad Labem.\"><span class=\"Y2IQFc\" lang=\"sk\" style=\"color: #333333;\">Pre jednotliv\u00e9 modely krbov a kachl\u00ed m\u00e1me 3D dwg modely, SketchUp a s\u00fa tie\u017e v kni\u017enici PaletteCAD.<\/span><\/p>\n<p class=\"tw-data-text tw-text-large tw-ta\" dir=\"ltr\" data-placeholder=\"P\u0159eklad\" data-ved=\"2ahUKEwiT4dm1ormNAxWI7AIHHQ1gL84Q3ewLegQICRAV\" aria-label=\"P\u0159elo\u017een\u00fd text: FLAMEN je v\u00fdhradn\u00fdm dovozcom starostlivo vybran\u00fdch zna\u010diek krbov a kachl\u00ed na drevo, pelety \u010di na biolieh \u2013 vo\u013ene stojacich alebo z\u00e1vesn\u00fdch na strop \u010di na stenu.\n\nRealiz\u00e1ciami pokr\u00fdvame cel\u00fa \u010cesk\u00fa republiku. Samozrejmos\u0165ou je bezplatn\u00e9 poradenstvo, vr\u00e1tane zameriavania na mieste in\u0161tal\u00e1cie.\n\nM\u00e1me vlastn\u00e9 kachle a komin\u00e1rov, staviame krby, kachle i kom\u00edny a zais\u0165ujeme kompletn\u00e9 in\u0161tal\u00e1cie vr\u00e1tane stavebn\u00fdch \u00faprav a rev\u00edzi\u00ed.\n\nPre jednotliv\u00e9 modely krbov a kachl\u00ed m\u00e1me 3D dwg modely, SketchUp a s\u00fa tie\u017e v kni\u017enici PaletteCAD.\n\nPrezrite si na\u0161e realiz\u00e1cie a in\u0161pirujte sa konkr\u00e9tnymi n\u00e1vrhmi z r\u00f4znych typov a \u0161t\u00fdlov interi\u00e9rov aj stavieb.\n\nRadi v\u00e1s a va\u0161ich klientov priv\u00edtame v na\u0161om showroome v Brand\u00fdse nad Labem.\"><span class=\"Y2IQFc\" lang=\"sk\"><strong>Prezrite si na\u0161e realiz\u00e1cie<\/strong> a in\u0161pirujte sa konkr\u00e9tnymi n\u00e1vrhmi z r\u00f4znych typov a \u0161t\u00fdlov interi\u00e9rov aj stavieb.<\/span><\/p>\n<p class=\"tw-data-text tw-text-large tw-ta\" dir=\"ltr\" data-placeholder=\"P\u0159eklad\" data-ved=\"2ahUKEwiT4dm1ormNAxWI7AIHHQ1gL84Q3ewLegQICRAV\" aria-label=\"P\u0159elo\u017een\u00fd text: FLAMEN je v\u00fdhradn\u00fdm dovozcom starostlivo vybran\u00fdch zna\u010diek krbov a kachl\u00ed na drevo, pelety \u010di na biolieh \u2013 vo\u013ene stojacich alebo z\u00e1vesn\u00fdch na strop \u010di na stenu.\n\nRealiz\u00e1ciami pokr\u00fdvame cel\u00fa \u010cesk\u00fa republiku. Samozrejmos\u0165ou je bezplatn\u00e9 poradenstvo, vr\u00e1tane zameriavania na mieste in\u0161tal\u00e1cie.\n\nM\u00e1me vlastn\u00e9 kachle a komin\u00e1rov, staviame krby, kachle i kom\u00edny a zais\u0165ujeme kompletn\u00e9 in\u0161tal\u00e1cie vr\u00e1tane stavebn\u00fdch \u00faprav a rev\u00edzi\u00ed.\n\nPre jednotliv\u00e9 modely krbov a kachl\u00ed m\u00e1me 3D dwg modely, SketchUp a s\u00fa tie\u017e v kni\u017enici PaletteCAD.\n\nPrezrite si na\u0161e realiz\u00e1cie a in\u0161pirujte sa konkr\u00e9tnymi n\u00e1vrhmi z r\u00f4znych typov a \u0161t\u00fdlov interi\u00e9rov aj stavieb.\n\nRadi v\u00e1s a va\u0161ich klientov priv\u00edtame v na\u0161om showroome v Brand\u00fdse nad Labem.\"><span class=\"Y2IQFc\" lang=\"sk\">Radi v\u00e1s a va\u0161ich klientov priv\u00edtame v na\u0161om <strong>showroome v Brand\u00fdse nad Labem.<\/strong><\/span><\/p>\n","protected":false},"excerpt":{"rendered":"<p>FLAMEN je v\u00fdhradn\u00fdm dovozcom starostlivo vybran\u00fdch zna\u010diek krbov a kachl\u00ed na drevo, pelety \u010di na biolieh \u2013 vo\u013ene stojacich alebo z\u00e1vesn\u00fdch na strop \u010di na stenu. Realiz\u00e1ciami pokr\u00fdvame cel\u00fa \u010cesk\u00fa republiku. Samozrejmos\u0165ou je bezplatn\u00e9 poradenstvo, vr\u00e1tane zameriavania na mieste in\u0161tal\u00e1cie. M\u00e1me vlastn\u00e9 kachliare a komin\u00e1rov, staviame krby, kachle i kom\u00edny a zais\u0165ujeme kompletn\u00e9 in\u0161tal\u00e1cie vr\u00e1tane [&hellip;]<\/p>\n","protected":false},"author":1,"featured_media":4904,"parent":0,"menu_order":41,"comment_status":"closed","ping_status":"closed","template":"templates\/template-realizace.php","meta":{"_acf_changed":false,"footnotes":""},"class_list":["post-6340","page","type-page","status-publish","has-post-thumbnail","hentry"],"acf":[],"yoast_head":"<!-- This site is optimized with the Yoast SEO plugin v27.3 - https:\/\/yoast.com\/product\/yoast-seo-wordpress\/ -->\n<title>Na\u0161e realiz\u00e1cie | Flamen Czech Republic, s.r.o.<\/title>\n<meta name=\"robots\" content=\"index, follow, max-snippet:-1, max-image-preview:large, max-video-preview:-1\" \/>\n<link rel=\"canonical\" href=\"https:\/\/flamen.cz\/sk\/nase-realizacie\/\" \/>\n<meta property=\"og:locale\" content=\"sk_SK\" \/>\n<meta property=\"og:type\" content=\"article\" \/>\n<meta property=\"og:title\" content=\"Na\u0161e realiz\u00e1cie | Flamen Czech Republic, s.r.o.\" \/>\n<meta property=\"og:description\" content=\"FLAMEN je v\u00fdhradn\u00fdm dovozcom starostlivo vybran\u00fdch zna\u010diek krbov a kachl\u00ed na drevo, pelety \u010di na biolieh \u2013 vo\u013ene stojacich alebo z\u00e1vesn\u00fdch na strop \u010di na stenu. Realiz\u00e1ciami pokr\u00fdvame cel\u00fa \u010cesk\u00fa republiku. Samozrejmos\u0165ou je bezplatn\u00e9 poradenstvo, vr\u00e1tane zameriavania na mieste in\u0161tal\u00e1cie. M\u00e1me vlastn\u00e9 kachliare a komin\u00e1rov, staviame krby, kachle i kom\u00edny a zais\u0165ujeme kompletn\u00e9 in\u0161tal\u00e1cie vr\u00e1tane [&hellip;]\" \/>\n<meta property=\"og:url\" content=\"https:\/\/flamen.cz\/sk\/nase-realizacie\/\" \/>\n<meta property=\"og:site_name\" content=\"Flamen Czech Republic, s.r.o.\" \/>\n<meta property=\"article:publisher\" content=\"https:\/\/www.facebook.com\/krbyakamnarocal\" \/>\n<meta property=\"article:modified_time\" content=\"2025-05-23T09:30:11+00:00\" \/>\n<meta property=\"og:image\" content=\"https:\/\/flamen.cz\/wp-content\/uploads\/2024\/02\/img_reference.png\" \/>\n\t<meta property=\"og:image:width\" content=\"1608\" \/>\n\t<meta property=\"og:image:height\" content=\"769\" \/>\n\t<meta property=\"og:image:type\" content=\"image\/png\" \/>\n<meta name=\"twitter:card\" content=\"summary_large_image\" \/>\n<meta name=\"twitter:label1\" content=\"Predpokladan\u00fd \u010das \u010d\u00edtania\" \/>\n\t<meta name=\"twitter:data1\" content=\"1 min\u00fata\" \/>\n<script type=\"application\/ld+json\" class=\"yoast-schema-graph\">{\"@context\":\"https:\\\/\\\/schema.org\",\"@graph\":[{\"@type\":\"WebPage\",\"@id\":\"https:\\\/\\\/flamen.cz\\\/sk\\\/nase-realizacie\\\/\",\"url\":\"https:\\\/\\\/flamen.cz\\\/sk\\\/nase-realizacie\\\/\",\"name\":\"Na\u0161e realiz\u00e1cie | Flamen Czech Republic, s.r.o.\",\"isPartOf\":{\"@id\":\"https:\\\/\\\/flamen.cz\\\/#website\"},\"primaryImageOfPage\":{\"@id\":\"https:\\\/\\\/flamen.cz\\\/sk\\\/nase-realizacie\\\/#primaryimage\"},\"image\":{\"@id\":\"https:\\\/\\\/flamen.cz\\\/sk\\\/nase-realizacie\\\/#primaryimage\"},\"thumbnailUrl\":\"https:\\\/\\\/flamen.cz\\\/wp-content\\\/uploads\\\/2024\\\/02\\\/img_reference.png\",\"datePublished\":\"2024-01-27T12:24:13+00:00\",\"dateModified\":\"2025-05-23T09:30:11+00:00\",\"breadcrumb\":{\"@id\":\"https:\\\/\\\/flamen.cz\\\/sk\\\/nase-realizacie\\\/#breadcrumb\"},\"inLanguage\":\"sk-SK\",\"potentialAction\":[{\"@type\":\"ReadAction\",\"target\":[\"https:\\\/\\\/flamen.cz\\\/sk\\\/nase-realizacie\\\/\"]}]},{\"@type\":\"ImageObject\",\"inLanguage\":\"sk-SK\",\"@id\":\"https:\\\/\\\/flamen.cz\\\/sk\\\/nase-realizacie\\\/#primaryimage\",\"url\":\"https:\\\/\\\/flamen.cz\\\/wp-content\\\/uploads\\\/2024\\\/02\\\/img_reference.png\",\"contentUrl\":\"https:\\\/\\\/flamen.cz\\\/wp-content\\\/uploads\\\/2024\\\/02\\\/img_reference.png\",\"width\":1608,\"height\":769},{\"@type\":\"BreadcrumbList\",\"@id\":\"https:\\\/\\\/flamen.cz\\\/sk\\\/nase-realizacie\\\/#breadcrumb\",\"itemListElement\":[{\"@type\":\"ListItem\",\"position\":1,\"name\":\"Dom\u016f\",\"item\":\"https:\\\/\\\/flamen.cz\\\/sk\\\/\"},{\"@type\":\"ListItem\",\"position\":2,\"name\":\"Na\u0161e realiz\u00e1cie\"}]},{\"@type\":\"WebSite\",\"@id\":\"https:\\\/\\\/flamen.cz\\\/#website\",\"url\":\"https:\\\/\\\/flamen.cz\\\/\",\"name\":\"Flamen Czech Republic, s.r.o.\",\"description\":\"FLAMEN dov\u00e1\u017e\u00ed a instaluje krby a kamna na d\u0159evo, pelety, plyn \u010di biol\u00edh, a stav\u00ed kom\u00edny.\",\"potentialAction\":[{\"@type\":\"SearchAction\",\"target\":{\"@type\":\"EntryPoint\",\"urlTemplate\":\"https:\\\/\\\/flamen.cz\\\/?s={search_term_string}\"},\"query-input\":{\"@type\":\"PropertyValueSpecification\",\"valueRequired\":true,\"valueName\":\"search_term_string\"}}],\"inLanguage\":\"sk-SK\"}]}<\/script>\n<!-- \/ Yoast SEO plugin. -->","yoast_head_json":{"title":"Na\u0161e realiz\u00e1cie | Flamen Czech Republic, s.r.o.","robots":{"index":"index","follow":"follow","max-snippet":"max-snippet:-1","max-image-preview":"max-image-preview:large","max-video-preview":"max-video-preview:-1"},"canonical":"https:\/\/flamen.cz\/sk\/nase-realizacie\/","og_locale":"sk_SK","og_type":"article","og_title":"Na\u0161e realiz\u00e1cie | Flamen Czech Republic, s.r.o.","og_description":"FLAMEN je v\u00fdhradn\u00fdm dovozcom starostlivo vybran\u00fdch zna\u010diek krbov a kachl\u00ed na drevo, pelety \u010di na biolieh \u2013 vo\u013ene stojacich alebo z\u00e1vesn\u00fdch na strop \u010di na stenu. Realiz\u00e1ciami pokr\u00fdvame cel\u00fa \u010cesk\u00fa republiku. Samozrejmos\u0165ou je bezplatn\u00e9 poradenstvo, vr\u00e1tane zameriavania na mieste in\u0161tal\u00e1cie. M\u00e1me vlastn\u00e9 kachliare a komin\u00e1rov, staviame krby, kachle i kom\u00edny a zais\u0165ujeme kompletn\u00e9 in\u0161tal\u00e1cie vr\u00e1tane [&hellip;]","og_url":"https:\/\/flamen.cz\/sk\/nase-realizacie\/","og_site_name":"Flamen Czech Republic, s.r.o.","article_publisher":"https:\/\/www.facebook.com\/krbyakamnarocal","article_modified_time":"2025-05-23T09:30:11+00:00","og_image":[{"width":1608,"height":769,"url":"https:\/\/flamen.cz\/wp-content\/uploads\/2024\/02\/img_reference.png","type":"image\/png"}],"twitter_card":"summary_large_image","twitter_misc":{"Predpokladan\u00fd \u010das \u010d\u00edtania":"1 min\u00fata"},"schema":{"@context":"https:\/\/schema.org","@graph":[{"@type":"WebPage","@id":"https:\/\/flamen.cz\/sk\/nase-realizacie\/","url":"https:\/\/flamen.cz\/sk\/nase-realizacie\/","name":"Na\u0161e realiz\u00e1cie | Flamen Czech Republic, s.r.o.","isPartOf":{"@id":"https:\/\/flamen.cz\/#website"},"primaryImageOfPage":{"@id":"https:\/\/flamen.cz\/sk\/nase-realizacie\/#primaryimage"},"image":{"@id":"https:\/\/flamen.cz\/sk\/nase-realizacie\/#primaryimage"},"thumbnailUrl":"https:\/\/flamen.cz\/wp-content\/uploads\/2024\/02\/img_reference.png","datePublished":"2024-01-27T12:24:13+00:00","dateModified":"2025-05-23T09:30:11+00:00","breadcrumb":{"@id":"https:\/\/flamen.cz\/sk\/nase-realizacie\/#breadcrumb"},"inLanguage":"sk-SK","potentialAction":[{"@type":"ReadAction","target":["https:\/\/flamen.cz\/sk\/nase-realizacie\/"]}]},{"@type":"ImageObject","inLanguage":"sk-SK","@id":"https:\/\/flamen.cz\/sk\/nase-realizacie\/#primaryimage","url":"https:\/\/flamen.cz\/wp-content\/uploads\/2024\/02\/img_reference.png","contentUrl":"https:\/\/flamen.cz\/wp-content\/uploads\/2024\/02\/img_reference.png","width":1608,"height":769},{"@type":"BreadcrumbList","@id":"https:\/\/flamen.cz\/sk\/nase-realizacie\/#breadcrumb","itemListElement":[{"@type":"ListItem","position":1,"name":"Dom\u016f","item":"https:\/\/flamen.cz\/sk\/"},{"@type":"ListItem","position":2,"name":"Na\u0161e realiz\u00e1cie"}]},{"@type":"WebSite","@id":"https:\/\/flamen.cz\/#website","url":"https:\/\/flamen.cz\/","name":"Flamen Czech Republic, s.r.o.","description":"FLAMEN dov\u00e1\u017e\u00ed a instaluje krby a kamna na d\u0159evo, pelety, plyn \u010di biol\u00edh, a stav\u00ed kom\u00edny.","potentialAction":[{"@type":"SearchAction","target":{"@type":"EntryPoint","urlTemplate":"https:\/\/flamen.cz\/?s={search_term_string}"},"query-input":{"@type":"PropertyValueSpecification","valueRequired":true,"valueName":"search_term_string"}}],"inLanguage":"sk-SK"}]}},"_links":{"self":[{"href":"https:\/\/flamen.cz\/sk\/wp-json\/wp\/v2\/pages\/6340","targetHints":{"allow":["GET"]}}],"collection":[{"href":"https:\/\/flamen.cz\/sk\/wp-json\/wp\/v2\/pages"}],"about":[{"href":"https:\/\/flamen.cz\/sk\/wp-json\/wp\/v2\/types\/page"}],"author":[{"embeddable":true,"href":"https:\/\/flamen.cz\/sk\/wp-json\/wp\/v2\/users\/1"}],"replies":[{"embeddable":true,"href":"https:\/\/flamen.cz\/sk\/wp-json\/wp\/v2\/comments?post=6340"}],"version-history":[{"count":3,"href":"https:\/\/flamen.cz\/sk\/wp-json\/wp\/v2\/pages\/6340\/revisions"}],"predecessor-version":[{"id":8796,"href":"https:\/\/flamen.cz\/sk\/wp-json\/wp\/v2\/pages\/6340\/revisions\/8796"}],"wp:featuredmedia":[{"embeddable":true,"href":"https:\/\/flamen.cz\/sk\/wp-json\/wp\/v2\/media\/4904"}],"wp:attachment":[{"href":"https:\/\/flamen.cz\/sk\/wp-json\/wp\/v2\/media?parent=6340"}],"curies":[{"name":"wp","href":"https:\/\/api.w.org\/{rel}","templated":true}]}}