{"id":9857,"date":"2024-01-27T10:59:25","date_gmt":"2024-01-27T10:59:25","guid":{"rendered":"https:\/\/flamen.cz\/sample-page\/"},"modified":"2026-01-21T14:05:47","modified_gmt":"2026-01-21T14:05:47","slug":"sample-page","status":"publish","type":"page","link":"https:\/\/flamen.cz\/hu\/","title":{"rendered":"Bevezet\u00e9s"},"content":{"rendered":"<h2>Fedezze fel term\u00e9keinket<\/h2>\n<p><strong class=\"red\">Minden term\u00e9k\u00fcnk megfelel az ECODESIGN szabv\u00e1nynak!<\/strong><\/p>\n<p><strong>A min\u0151s\u00e9g, a funkcionalit\u00e1s \u00e9s az els\u0151 oszt\u00e1ly\u00fa param\u00e9terek<\/strong> mindig a legfontosabbak sz\u00e1munkra, ez\u00e9rt k\u00edn\u00e1latunkban csak olyan term\u00e9keket tal\u00e1l, amelyek\u00e9rt mi is a t\u0171zbe adn\u00e1nk a kez\u00fcnket! <span dir=\"auto\">Designov\u00e9 kandall\u00f3k\u00a0<\/span><strong><span dir=\"auto\">specialist\u00e1i!<\/span><\/strong><\/p>\n<p><a class=\"btn negative borderred\" href=\"https:\/\/flamen.cz\/hu\/kontakt\/\">Kapcsolat<\/a><\/p>\n","protected":false},"excerpt":{"rendered":"<p>Fedezze fel term\u00e9keinket Minden term\u00e9k\u00fcnk megfelel az ECODESIGN szabv\u00e1nynak! A min\u0151s\u00e9g, a funkcionalit\u00e1s \u00e9s az els\u0151 oszt\u00e1ly\u00fa param\u00e9terek mindig a legfontosabbak sz\u00e1munkra, ez\u00e9rt k\u00edn\u00e1latunkban csak olyan term\u00e9keket tal\u00e1l, amelyek\u00e9rt mi is a t\u0171zbe adn\u00e1nk a kez\u00fcnket! Designov\u00e9 kandall\u00f3k\u00a0specialist\u00e1i! Kapcsolat<\/p>\n","protected":false},"author":1,"featured_media":0,"parent":0,"menu_order":9,"comment_status":"closed","ping_status":"open","template":"","meta":{"_acf_changed":false,"footnotes":""},"class_list":["post-9857","page","type-page","status-publish","hentry"],"acf":[],"yoast_head":"<!-- This site is optimized with the Yoast SEO plugin v27.3 - https:\/\/yoast.com\/product\/yoast-seo-wordpress\/ -->\n<title>Bevezet\u00e9s | Flamen Czech Republic, s.r.o.<\/title>\n<meta name=\"description\" content=\"A min\u0151s\u00e9g, a funkcionalit\u00e1s \u00e9s az els\u0151 oszt\u00e1ly\u00fa param\u00e9terek mindig a legfontosabbak sz\u00e1munkra, ez\u00e9rt k\u00edn\u00e1latunkban csak olyan term\u00e9keket tal\u00e1l, amelyek\u00e9rt mi is a t\u0171zbe adn\u00e1nk a kez\u00fcnket!\" \/>\n<meta name=\"robots\" content=\"index, follow, max-snippet:-1, max-image-preview:large, max-video-preview:-1\" \/>\n<link rel=\"canonical\" href=\"https:\/\/flamen.cz\/hu\/\" \/>\n<meta property=\"og:locale\" content=\"hu_HU\" \/>\n<meta property=\"og:type\" content=\"article\" \/>\n<meta property=\"og:title\" content=\"Designov\u00e9 krby a kamna - Flamen Czech Republic, s.r.o.\" \/>\n<meta property=\"og:description\" content=\"Kvalita, funk\u010dnost a \u0161pi\u010dkov\u00e9 parametry jsou pro n\u00e1s v\u017edyna prvn\u00edm m\u00edst\u011b, a tak v na\u0161\u00ed nab\u00eddce najdete pouze produkty,za kter\u00e9 bychom dali ruku do ohn\u011b!\" \/>\n<meta property=\"og:url\" content=\"https:\/\/flamen.cz\/hu\/\" \/>\n<meta property=\"og:site_name\" content=\"Flamen Czech Republic, s.r.o.\" \/>\n<meta property=\"article:publisher\" content=\"https:\/\/www.facebook.com\/krbyakamnarocal\" \/>\n<meta property=\"article:modified_time\" content=\"2026-01-21T14:05:47+00:00\" \/>\n<meta property=\"og:image\" content=\"https:\/\/flamen.cz\/wp-content\/uploads\/2024\/02\/FB-2.png\" \/>\n\t<meta property=\"og:image:width\" content=\"1200\" \/>\n\t<meta property=\"og:image:height\" content=\"675\" \/>\n\t<meta property=\"og:image:type\" content=\"image\/png\" \/>\n<meta name=\"twitter:card\" content=\"summary_large_image\" \/>\n<meta name=\"twitter:label1\" content=\"Becs\u00fclt olvas\u00e1si id\u0151\" \/>\n\t<meta name=\"twitter:data1\" content=\"1 perc\" \/>\n<script type=\"application\/ld+json\" class=\"yoast-schema-graph\">{\"@context\":\"https:\\\/\\\/schema.org\",\"@graph\":[{\"@type\":\"WebPage\",\"@id\":\"https:\\\/\\\/flamen.cz\\\/hu\\\/\",\"url\":\"https:\\\/\\\/flamen.cz\\\/hu\\\/\",\"name\":\"Bevezet\u00e9s | Flamen Czech Republic, s.r.o.\",\"isPartOf\":{\"@id\":\"https:\\\/\\\/flamen.cz\\\/#website\"},\"datePublished\":\"2024-01-27T10:59:25+00:00\",\"dateModified\":\"2026-01-21T14:05:47+00:00\",\"description\":\"A min\u0151s\u00e9g, a funkcionalit\u00e1s \u00e9s az els\u0151 oszt\u00e1ly\u00fa param\u00e9terek mindig a legfontosabbak sz\u00e1munkra, ez\u00e9rt k\u00edn\u00e1latunkban csak olyan term\u00e9keket tal\u00e1l, amelyek\u00e9rt mi is a t\u0171zbe adn\u00e1nk a kez\u00fcnket!\",\"breadcrumb\":{\"@id\":\"https:\\\/\\\/flamen.cz\\\/hu\\\/#breadcrumb\"},\"inLanguage\":\"hu\",\"potentialAction\":[{\"@type\":\"ReadAction\",\"target\":[\"https:\\\/\\\/flamen.cz\\\/hu\\\/\"]}]},{\"@type\":\"BreadcrumbList\",\"@id\":\"https:\\\/\\\/flamen.cz\\\/hu\\\/#breadcrumb\",\"itemListElement\":[{\"@type\":\"ListItem\",\"position\":1,\"name\":\"Dom\u016f\",\"item\":\"https:\\\/\\\/flamen.cz\\\/hu\\\/\"},{\"@type\":\"ListItem\",\"position\":2,\"name\":\"Bevezet\u00e9s\"}]},{\"@type\":\"WebSite\",\"@id\":\"https:\\\/\\\/flamen.cz\\\/#website\",\"url\":\"https:\\\/\\\/flamen.cz\\\/\",\"name\":\"Flamen Czech Republic, s.r.o.\",\"description\":\"FLAMEN dov\u00e1\u017e\u00ed a instaluje krby a kamna na d\u0159evo, pelety, plyn \u010di biol\u00edh, a stav\u00ed kom\u00edny.\",\"potentialAction\":[{\"@type\":\"SearchAction\",\"target\":{\"@type\":\"EntryPoint\",\"urlTemplate\":\"https:\\\/\\\/flamen.cz\\\/?s={search_term_string}\"},\"query-input\":{\"@type\":\"PropertyValueSpecification\",\"valueRequired\":true,\"valueName\":\"search_term_string\"}}],\"inLanguage\":\"hu\"}]}<\/script>\n<!-- \/ Yoast SEO plugin. -->","yoast_head_json":{"title":"Bevezet\u00e9s | Flamen Czech Republic, s.r.o.","description":"A min\u0151s\u00e9g, a funkcionalit\u00e1s \u00e9s az els\u0151 oszt\u00e1ly\u00fa param\u00e9terek mindig a legfontosabbak sz\u00e1munkra, ez\u00e9rt k\u00edn\u00e1latunkban csak olyan term\u00e9keket tal\u00e1l, amelyek\u00e9rt mi is a t\u0171zbe adn\u00e1nk a kez\u00fcnket!","robots":{"index":"index","follow":"follow","max-snippet":"max-snippet:-1","max-image-preview":"max-image-preview:large","max-video-preview":"max-video-preview:-1"},"canonical":"https:\/\/flamen.cz\/hu\/","og_locale":"hu_HU","og_type":"article","og_title":"Designov\u00e9 krby a kamna - Flamen Czech Republic, s.r.o.","og_description":"Kvalita, funk\u010dnost a \u0161pi\u010dkov\u00e9 parametry jsou pro n\u00e1s v\u017edyna prvn\u00edm m\u00edst\u011b, a tak v na\u0161\u00ed nab\u00eddce najdete pouze produkty,za kter\u00e9 bychom dali ruku do ohn\u011b!","og_url":"https:\/\/flamen.cz\/hu\/","og_site_name":"Flamen Czech Republic, s.r.o.","article_publisher":"https:\/\/www.facebook.com\/krbyakamnarocal","article_modified_time":"2026-01-21T14:05:47+00:00","og_image":[{"width":1200,"height":675,"url":"https:\/\/flamen.cz\/wp-content\/uploads\/2024\/02\/FB-2.png","type":"image\/png"}],"twitter_card":"summary_large_image","twitter_misc":{"Becs\u00fclt olvas\u00e1si id\u0151":"1 perc"},"schema":{"@context":"https:\/\/schema.org","@graph":[{"@type":"WebPage","@id":"https:\/\/flamen.cz\/hu\/","url":"https:\/\/flamen.cz\/hu\/","name":"Bevezet\u00e9s | Flamen Czech Republic, s.r.o.","isPartOf":{"@id":"https:\/\/flamen.cz\/#website"},"datePublished":"2024-01-27T10:59:25+00:00","dateModified":"2026-01-21T14:05:47+00:00","description":"A min\u0151s\u00e9g, a funkcionalit\u00e1s \u00e9s az els\u0151 oszt\u00e1ly\u00fa param\u00e9terek mindig a legfontosabbak sz\u00e1munkra, ez\u00e9rt k\u00edn\u00e1latunkban csak olyan term\u00e9keket tal\u00e1l, amelyek\u00e9rt mi is a t\u0171zbe adn\u00e1nk a kez\u00fcnket!","breadcrumb":{"@id":"https:\/\/flamen.cz\/hu\/#breadcrumb"},"inLanguage":"hu","potentialAction":[{"@type":"ReadAction","target":["https:\/\/flamen.cz\/hu\/"]}]},{"@type":"BreadcrumbList","@id":"https:\/\/flamen.cz\/hu\/#breadcrumb","itemListElement":[{"@type":"ListItem","position":1,"name":"Dom\u016f","item":"https:\/\/flamen.cz\/hu\/"},{"@type":"ListItem","position":2,"name":"Bevezet\u00e9s"}]},{"@type":"WebSite","@id":"https:\/\/flamen.cz\/#website","url":"https:\/\/flamen.cz\/","name":"Flamen Czech Republic, s.r.o.","description":"FLAMEN dov\u00e1\u017e\u00ed a instaluje krby a kamna na d\u0159evo, pelety, plyn \u010di biol\u00edh, a stav\u00ed kom\u00edny.","potentialAction":[{"@type":"SearchAction","target":{"@type":"EntryPoint","urlTemplate":"https:\/\/flamen.cz\/?s={search_term_string}"},"query-input":{"@type":"PropertyValueSpecification","valueRequired":true,"valueName":"search_term_string"}}],"inLanguage":"hu"}]}},"_links":{"self":[{"href":"https:\/\/flamen.cz\/hu\/wp-json\/wp\/v2\/pages\/9857","targetHints":{"allow":["GET"]}}],"collection":[{"href":"https:\/\/flamen.cz\/hu\/wp-json\/wp\/v2\/pages"}],"about":[{"href":"https:\/\/flamen.cz\/hu\/wp-json\/wp\/v2\/types\/page"}],"author":[{"embeddable":true,"href":"https:\/\/flamen.cz\/hu\/wp-json\/wp\/v2\/users\/1"}],"replies":[{"embeddable":true,"href":"https:\/\/flamen.cz\/hu\/wp-json\/wp\/v2\/comments?post=9857"}],"version-history":[{"count":3,"href":"https:\/\/flamen.cz\/hu\/wp-json\/wp\/v2\/pages\/9857\/revisions"}],"predecessor-version":[{"id":14599,"href":"https:\/\/flamen.cz\/hu\/wp-json\/wp\/v2\/pages\/9857\/revisions\/14599"}],"wp:attachment":[{"href":"https:\/\/flamen.cz\/hu\/wp-json\/wp\/v2\/media?parent=9857"}],"curies":[{"name":"wp","href":"https:\/\/api.w.org\/{rel}","templated":true}]}}