{"id":9850,"date":"2024-01-27T15:09:25","date_gmt":"2024-01-27T15:09:25","guid":{"rendered":"https:\/\/flamen.cz\/designove-krby\/"},"modified":"2026-01-21T13:26:12","modified_gmt":"2026-01-21T13:26:12","slug":"design-fatuzelesu-kandallok","status":"publish","type":"page","link":"https:\/\/flamen.cz\/hu\/design-fatuzelesu-kandallok\/","title":{"rendered":"Design fat\u00fczel\u00e9s\u0171 kandall\u00f3k"},"content":{"rendered":"<p>Ak\u00e1r \u00faj \u00e9p\u00fcletbe, alacsony energiaig\u00e9ny\u0171 h\u00e1zba vagy r\u00e9gebbi h\u00e1zba keres megfelel\u0151 kandall\u00f3t, nem kell messzire mennie a gy\u00f6ny\u00f6r\u0171, <strong>diz\u00e1jner Rocal<\/strong> fat\u00fczel\u00e9s\u0171 kandall\u00f3k\u00e9rt! A legn\u00e9pszer\u0171bb darabok rakt\u00e1ron vannak.<\/p>\n<p><strong>Rocal nagyon magasra teszi a l\u00e9cet!<\/strong><\/p>\n<p>Els\u0151 pillant\u00e1sra leny\u0171g\u00f6zi majd a prec\u00edz kidolgoz\u00e1s, valamint az egyedi, minimalista diz\u00e1jn, amely b\u00e1rhov\u00e1 illik, m\u00e9gis k\u00fcl\u00f6nleges. Az is \u00f6r\u00f6mmel t\u00f6lti el, hogy kandall\u00f3ink \u200b\u200bhat\u00e9konyak, minim\u00e1lis k\u00e1rosanyag-kibocs\u00e1t\u00e1s\u00faak, \u00e9s a legink\u00e1bb k\u00f6rnyezetbar\u00e1t \u00fczemeltet\u00e9s\u0171ek k\u00f6z\u00e9 tartoznak, amit az ECODESIGN tan\u00fas\u00edtv\u00e1nyuk is meger\u0151s\u00edt.<\/p>\n<p>A Rocal negyven\u00e9ves hagyom\u00e1nyra tekint vissza, \u00e9s term\u00e9kei gy\u00e1rt\u00e1s\u00e1hoz a legmagasabb min\u0151s\u00e9g\u0171 anyagokat v\u00e1lasztja. Eszt\u00e9tikailag \u00e9s technol\u00f3giailag is t\u00f6k\u00e9letes kandall\u00f3kra sz\u00e1m\u00edthat, k\u00e9zzel k\u00e9sz\u00edtett kidolgoz\u00e1ssal a hib\u00e1tlan megjelen\u00e9s \u00e9rdek\u00e9ben. A gondoskod\u00e1s megt\u00e9r\u00fcl. \u00c9s az \u00d6n k\u00e9nyelme a legfontosabb sz\u00e1munkra!<\/p>\n<p><span style=\"color: #ff0000;\">A FLAMEN b\u00fcszke kiz\u00e1r\u00f3lagos import\u0151re a ROCAL m\u00e1rk\u00e1nak, \u00edgy teljes k\u00f6r\u0171 szolg\u00e1ltat\u00e1st kaphat t\u0151l\u00fcnk. Nemcsak a kiv\u00e1laszt\u00e1sban seg\u00edt\u00fcnk, hanem az \u00e9p\u00edt\u00e9s el\u0151tti teend\u0151kben, a felm\u00e9r\u00e9sben, a sz\u00e1ll\u00edt\u00e1sban \u00e9s term\u00e9szetesen a telep\u00edt\u00e9sben is.<\/span><\/p>\n","protected":false},"excerpt":{"rendered":"<p>Ak\u00e1r \u00faj \u00e9p\u00fcletbe, alacsony energiaig\u00e9ny\u0171 h\u00e1zba vagy r\u00e9gebbi h\u00e1zba keres megfelel\u0151 kandall\u00f3t, nem kell messzire mennie a gy\u00f6ny\u00f6r\u0171, diz\u00e1jner Rocal fat\u00fczel\u00e9s\u0171 kandall\u00f3k\u00e9rt! A legn\u00e9pszer\u0171bb darabok rakt\u00e1ron vannak. Rocal nagyon magasra teszi a l\u00e9cet! Els\u0151 pillant\u00e1sra leny\u0171g\u00f6zi majd a prec\u00edz kidolgoz\u00e1s, valamint az egyedi, minimalista diz\u00e1jn, amely b\u00e1rhov\u00e1 illik, m\u00e9gis k\u00fcl\u00f6nleges. Az is \u00f6r\u00f6mmel t\u00f6lti el, [&hellip;]<\/p>\n","protected":false},"author":1,"featured_media":13065,"parent":0,"menu_order":17,"comment_status":"closed","ping_status":"closed","template":"templates\/template-produkty.php","meta":{"_acf_changed":false,"footnotes":""},"class_list":["post-9850","page","type-page","status-publish","has-post-thumbnail","hentry"],"acf":[],"yoast_head":"<!-- This site is optimized with the Yoast SEO plugin v27.3 - https:\/\/yoast.com\/product\/yoast-seo-wordpress\/ -->\n<title>Design fat\u00fczel\u00e9s\u0171 kandall\u00f3k | Flamen Czech Republic, s.r.o.<\/title>\n<meta name=\"robots\" content=\"index, follow, max-snippet:-1, max-image-preview:large, max-video-preview:-1\" \/>\n<link rel=\"canonical\" href=\"https:\/\/flamen.cz\/hu\/design-fatuzelesu-kandallok\/\" \/>\n<meta property=\"og:locale\" content=\"hu_HU\" \/>\n<meta property=\"og:type\" content=\"article\" \/>\n<meta property=\"og:title\" content=\"Design fat\u00fczel\u00e9s\u0171 kandall\u00f3k | Flamen Czech Republic, s.r.o.\" \/>\n<meta property=\"og:description\" content=\"Ak\u00e1r \u00faj \u00e9p\u00fcletbe, alacsony energiaig\u00e9ny\u0171 h\u00e1zba vagy r\u00e9gebbi h\u00e1zba keres megfelel\u0151 kandall\u00f3t, nem kell messzire mennie a gy\u00f6ny\u00f6r\u0171, diz\u00e1jner Rocal fat\u00fczel\u00e9s\u0171 kandall\u00f3k\u00e9rt! A legn\u00e9pszer\u0171bb darabok rakt\u00e1ron vannak. Rocal nagyon magasra teszi a l\u00e9cet! Els\u0151 pillant\u00e1sra leny\u0171g\u00f6zi majd a prec\u00edz kidolgoz\u00e1s, valamint az egyedi, minimalista diz\u00e1jn, amely b\u00e1rhov\u00e1 illik, m\u00e9gis k\u00fcl\u00f6nleges. Az is \u00f6r\u00f6mmel t\u00f6lti el, [&hellip;]\" \/>\n<meta property=\"og:url\" content=\"https:\/\/flamen.cz\/hu\/design-fatuzelesu-kandallok\/\" \/>\n<meta property=\"og:site_name\" content=\"Flamen Czech Republic, s.r.o.\" \/>\n<meta property=\"article:publisher\" content=\"https:\/\/www.facebook.com\/krbyakamnarocal\" \/>\n<meta property=\"article:modified_time\" content=\"2026-01-21T13:26:12+00:00\" \/>\n<meta property=\"og:image\" content=\"https:\/\/flamen.cz\/wp-content\/uploads\/2025\/12\/designovy-krb-v-modernim-interieru-rocal-drop-e1766154030106.webp\" \/>\n\t<meta property=\"og:image:width\" content=\"1200\" \/>\n\t<meta property=\"og:image:height\" content=\"790\" \/>\n\t<meta property=\"og:image:type\" content=\"image\/webp\" \/>\n<meta name=\"twitter:card\" content=\"summary_large_image\" \/>\n<meta name=\"twitter:label1\" content=\"Becs\u00fclt olvas\u00e1si id\u0151\" \/>\n\t<meta name=\"twitter:data1\" content=\"1 perc\" \/>\n<script type=\"application\/ld+json\" class=\"yoast-schema-graph\">{\"@context\":\"https:\\\/\\\/schema.org\",\"@graph\":[{\"@type\":\"WebPage\",\"@id\":\"https:\\\/\\\/flamen.cz\\\/hu\\\/design-fatuzelesu-kandallok\\\/\",\"url\":\"https:\\\/\\\/flamen.cz\\\/hu\\\/design-fatuzelesu-kandallok\\\/\",\"name\":\"Design fat\u00fczel\u00e9s\u0171 kandall\u00f3k | Flamen Czech Republic, s.r.o.\",\"isPartOf\":{\"@id\":\"https:\\\/\\\/flamen.cz\\\/#website\"},\"primaryImageOfPage\":{\"@id\":\"https:\\\/\\\/flamen.cz\\\/hu\\\/design-fatuzelesu-kandallok\\\/#primaryimage\"},\"image\":{\"@id\":\"https:\\\/\\\/flamen.cz\\\/hu\\\/design-fatuzelesu-kandallok\\\/#primaryimage\"},\"thumbnailUrl\":\"https:\\\/\\\/flamen.cz\\\/wp-content\\\/uploads\\\/2025\\\/12\\\/designovy-krb-v-modernim-interieru-rocal-drop-e1766154030106.webp\",\"datePublished\":\"2024-01-27T15:09:25+00:00\",\"dateModified\":\"2026-01-21T13:26:12+00:00\",\"breadcrumb\":{\"@id\":\"https:\\\/\\\/flamen.cz\\\/hu\\\/design-fatuzelesu-kandallok\\\/#breadcrumb\"},\"inLanguage\":\"hu\",\"potentialAction\":[{\"@type\":\"ReadAction\",\"target\":[\"https:\\\/\\\/flamen.cz\\\/hu\\\/design-fatuzelesu-kandallok\\\/\"]}]},{\"@type\":\"ImageObject\",\"inLanguage\":\"hu\",\"@id\":\"https:\\\/\\\/flamen.cz\\\/hu\\\/design-fatuzelesu-kandallok\\\/#primaryimage\",\"url\":\"https:\\\/\\\/flamen.cz\\\/wp-content\\\/uploads\\\/2025\\\/12\\\/designovy-krb-v-modernim-interieru-rocal-drop-e1766154030106.webp\",\"contentUrl\":\"https:\\\/\\\/flamen.cz\\\/wp-content\\\/uploads\\\/2025\\\/12\\\/designovy-krb-v-modernim-interieru-rocal-drop-e1766154030106.webp\",\"width\":1200,\"height\":790,\"caption\":\"Designov\u00fd z\u00e1v\u011bsn\u00fd krb v modern\u00edm interi\u00e9ru ob\u00fdvac\u00edho pokoje\"},{\"@type\":\"BreadcrumbList\",\"@id\":\"https:\\\/\\\/flamen.cz\\\/hu\\\/design-fatuzelesu-kandallok\\\/#breadcrumb\",\"itemListElement\":[{\"@type\":\"ListItem\",\"position\":1,\"name\":\"Dom\u016f\",\"item\":\"https:\\\/\\\/flamen.cz\\\/hu\\\/\"},{\"@type\":\"ListItem\",\"position\":2,\"name\":\"Design fat\u00fczel\u00e9s\u0171 kandall\u00f3k\"}]},{\"@type\":\"WebSite\",\"@id\":\"https:\\\/\\\/flamen.cz\\\/#website\",\"url\":\"https:\\\/\\\/flamen.cz\\\/\",\"name\":\"Flamen Czech Republic, s.r.o.\",\"description\":\"FLAMEN dov\u00e1\u017e\u00ed a instaluje krby a kamna na d\u0159evo, pelety, plyn \u010di biol\u00edh, a stav\u00ed kom\u00edny.\",\"potentialAction\":[{\"@type\":\"SearchAction\",\"target\":{\"@type\":\"EntryPoint\",\"urlTemplate\":\"https:\\\/\\\/flamen.cz\\\/?s={search_term_string}\"},\"query-input\":{\"@type\":\"PropertyValueSpecification\",\"valueRequired\":true,\"valueName\":\"search_term_string\"}}],\"inLanguage\":\"hu\"}]}<\/script>\n<!-- \/ Yoast SEO plugin. -->","yoast_head_json":{"title":"Design fat\u00fczel\u00e9s\u0171 kandall\u00f3k | Flamen Czech Republic, s.r.o.","robots":{"index":"index","follow":"follow","max-snippet":"max-snippet:-1","max-image-preview":"max-image-preview:large","max-video-preview":"max-video-preview:-1"},"canonical":"https:\/\/flamen.cz\/hu\/design-fatuzelesu-kandallok\/","og_locale":"hu_HU","og_type":"article","og_title":"Design fat\u00fczel\u00e9s\u0171 kandall\u00f3k | Flamen Czech Republic, s.r.o.","og_description":"Ak\u00e1r \u00faj \u00e9p\u00fcletbe, alacsony energiaig\u00e9ny\u0171 h\u00e1zba vagy r\u00e9gebbi h\u00e1zba keres megfelel\u0151 kandall\u00f3t, nem kell messzire mennie a gy\u00f6ny\u00f6r\u0171, diz\u00e1jner Rocal fat\u00fczel\u00e9s\u0171 kandall\u00f3k\u00e9rt! A legn\u00e9pszer\u0171bb darabok rakt\u00e1ron vannak. Rocal nagyon magasra teszi a l\u00e9cet! Els\u0151 pillant\u00e1sra leny\u0171g\u00f6zi majd a prec\u00edz kidolgoz\u00e1s, valamint az egyedi, minimalista diz\u00e1jn, amely b\u00e1rhov\u00e1 illik, m\u00e9gis k\u00fcl\u00f6nleges. Az is \u00f6r\u00f6mmel t\u00f6lti el, [&hellip;]","og_url":"https:\/\/flamen.cz\/hu\/design-fatuzelesu-kandallok\/","og_site_name":"Flamen Czech Republic, s.r.o.","article_publisher":"https:\/\/www.facebook.com\/krbyakamnarocal","article_modified_time":"2026-01-21T13:26:12+00:00","og_image":[{"width":1200,"height":790,"url":"https:\/\/flamen.cz\/wp-content\/uploads\/2025\/12\/designovy-krb-v-modernim-interieru-rocal-drop-e1766154030106.webp","type":"image\/webp"}],"twitter_card":"summary_large_image","twitter_misc":{"Becs\u00fclt olvas\u00e1si id\u0151":"1 perc"},"schema":{"@context":"https:\/\/schema.org","@graph":[{"@type":"WebPage","@id":"https:\/\/flamen.cz\/hu\/design-fatuzelesu-kandallok\/","url":"https:\/\/flamen.cz\/hu\/design-fatuzelesu-kandallok\/","name":"Design fat\u00fczel\u00e9s\u0171 kandall\u00f3k | Flamen Czech Republic, s.r.o.","isPartOf":{"@id":"https:\/\/flamen.cz\/#website"},"primaryImageOfPage":{"@id":"https:\/\/flamen.cz\/hu\/design-fatuzelesu-kandallok\/#primaryimage"},"image":{"@id":"https:\/\/flamen.cz\/hu\/design-fatuzelesu-kandallok\/#primaryimage"},"thumbnailUrl":"https:\/\/flamen.cz\/wp-content\/uploads\/2025\/12\/designovy-krb-v-modernim-interieru-rocal-drop-e1766154030106.webp","datePublished":"2024-01-27T15:09:25+00:00","dateModified":"2026-01-21T13:26:12+00:00","breadcrumb":{"@id":"https:\/\/flamen.cz\/hu\/design-fatuzelesu-kandallok\/#breadcrumb"},"inLanguage":"hu","potentialAction":[{"@type":"ReadAction","target":["https:\/\/flamen.cz\/hu\/design-fatuzelesu-kandallok\/"]}]},{"@type":"ImageObject","inLanguage":"hu","@id":"https:\/\/flamen.cz\/hu\/design-fatuzelesu-kandallok\/#primaryimage","url":"https:\/\/flamen.cz\/wp-content\/uploads\/2025\/12\/designovy-krb-v-modernim-interieru-rocal-drop-e1766154030106.webp","contentUrl":"https:\/\/flamen.cz\/wp-content\/uploads\/2025\/12\/designovy-krb-v-modernim-interieru-rocal-drop-e1766154030106.webp","width":1200,"height":790,"caption":"Designov\u00fd z\u00e1v\u011bsn\u00fd krb v modern\u00edm interi\u00e9ru ob\u00fdvac\u00edho pokoje"},{"@type":"BreadcrumbList","@id":"https:\/\/flamen.cz\/hu\/design-fatuzelesu-kandallok\/#breadcrumb","itemListElement":[{"@type":"ListItem","position":1,"name":"Dom\u016f","item":"https:\/\/flamen.cz\/hu\/"},{"@type":"ListItem","position":2,"name":"Design fat\u00fczel\u00e9s\u0171 kandall\u00f3k"}]},{"@type":"WebSite","@id":"https:\/\/flamen.cz\/#website","url":"https:\/\/flamen.cz\/","name":"Flamen Czech Republic, s.r.o.","description":"FLAMEN dov\u00e1\u017e\u00ed a instaluje krby a kamna na d\u0159evo, pelety, plyn \u010di biol\u00edh, a stav\u00ed kom\u00edny.","potentialAction":[{"@type":"SearchAction","target":{"@type":"EntryPoint","urlTemplate":"https:\/\/flamen.cz\/?s={search_term_string}"},"query-input":{"@type":"PropertyValueSpecification","valueRequired":true,"valueName":"search_term_string"}}],"inLanguage":"hu"}]}},"_links":{"self":[{"href":"https:\/\/flamen.cz\/hu\/wp-json\/wp\/v2\/pages\/9850","targetHints":{"allow":["GET"]}}],"collection":[{"href":"https:\/\/flamen.cz\/hu\/wp-json\/wp\/v2\/pages"}],"about":[{"href":"https:\/\/flamen.cz\/hu\/wp-json\/wp\/v2\/types\/page"}],"author":[{"embeddable":true,"href":"https:\/\/flamen.cz\/hu\/wp-json\/wp\/v2\/users\/1"}],"replies":[{"embeddable":true,"href":"https:\/\/flamen.cz\/hu\/wp-json\/wp\/v2\/comments?post=9850"}],"version-history":[{"count":3,"href":"https:\/\/flamen.cz\/hu\/wp-json\/wp\/v2\/pages\/9850\/revisions"}],"predecessor-version":[{"id":10746,"href":"https:\/\/flamen.cz\/hu\/wp-json\/wp\/v2\/pages\/9850\/revisions\/10746"}],"wp:featuredmedia":[{"embeddable":true,"href":"https:\/\/flamen.cz\/hu\/wp-json\/wp\/v2\/media\/13065"}],"wp:attachment":[{"href":"https:\/\/flamen.cz\/hu\/wp-json\/wp\/v2\/media?parent=9850"}],"curies":[{"name":"wp","href":"https:\/\/api.w.org\/{rel}","templated":true}]}}