{"id":9347,"date":"2024-01-27T12:26:02","date_gmt":"2024-01-27T12:26:02","guid":{"rendered":"https:\/\/flamen.cz\/kontakt\/"},"modified":"2026-01-20T14:31:51","modified_gmt":"2026-01-20T14:31:51","slug":"kontakt","status":"publish","type":"page","link":"https:\/\/flamen.cz\/hu\/kontakt\/","title":{"rendered":"\u00c9rintkez\u00e9s"},"content":{"rendered":"<h2>L\u00e1togasson el bemutat\u00f3term\u00fcnkbe<\/h2>\n<p id=\"tw-target-text\" class=\"tw-data-text tw-text-large tw-ta\" dir=\"ltr\" tabindex=\"-1\" role=\"text\" data-placeholder=\"P\u0159eklad\" data-ved=\"2ahUKEwjjlpSzqpqSAxXJg_0HHc9qK0EQ3ewLegQIDBAW\" aria-label=\"P\u0159elo\u017een\u00fd text: L\u00e1togasson el bemutat\u00f3term\u00fcnkbe, ahol \u00f6r\u00f6mmel bemutatjuk \u00d6nnek a kandall\u00f3kat, k\u00e1lyh\u00e1kat \u00e9s k\u00e9m\u00e9nyeket. K\u00e1lyha- \u00e9s k\u00e9m\u00e9nysepr\u0151ink \u00f6r\u00f6mmel adnak tan\u00e1csot, \u00e9s javasolnak egy az \u00d6n ig\u00e9nyeinek megfelel\u0151 megold\u00e1st.\"><span class=\"Y2IQFc\" lang=\"hu\">L\u00e1togasson el bemutat\u00f3term\u00fcnkbe, ahol \u00f6r\u00f6mmel bemutatjuk \u00d6nnek a kandall\u00f3kat, k\u00e1lyh\u00e1kat \u00e9s k\u00e9m\u00e9nyeket. K\u00e1lyha- \u00e9s k\u00e9m\u00e9nysepr\u0151ink \u00f6r\u00f6mmel adnak tan\u00e1csot, \u00e9s javasolnak egy az \u00d6n ig\u00e9nyeinek megfelel\u0151 megold\u00e1st.<\/span><\/p>\n<p><strong class=\"ic_time\">8:00 &#8211; 16:00 &#8211; Brand\u00fds nad Labem, N\u00e1b\u0159e\u017e\u00ed 122\/6, 250 01<\/strong><\/p>\n<p><strong>Telefonos egyeztet\u00e9s alapj\u00e1n nyitvatart\u00e1si id\u0151n k\u00edv\u00fcli l\u00e1togat\u00e1s is lehets\u00e9ges.<\/strong><\/p>\n<p>M\u00e1r nagyon v\u00e1rjuk \u00d6nt, \u00e9s sz\u00edvesen alkalmazkodunk az \u00d6n ig\u00e9nyeihez.<\/p>\n<p><a class=\"btn ani\" href=\"https:\/\/flamen.cz\/hu\/kontakt\/#poptejte-nas\">Foglaljon id\u0151pontot<\/a> vagy h\u00edvjon minket a\u00a0<strong><a href=\"tel:00420226886473\">226\u00a0886\u00a0473<\/a><\/strong> telefonsz\u00e1mon.<\/p>\n<div class=\"navigate\"><a class=\"btn\" href=\"https:\/\/maps.app.goo.gl\/tnWB5L1pJiRZJZ6F7\" target=\"_blank\" rel=\"noopener\">Navig\u00e1ci\u00f3 a bemutat\u00f3teremhez<\/a><\/div>\n","protected":false},"excerpt":{"rendered":"<p>L\u00e1togasson el bemutat\u00f3term\u00fcnkbe L\u00e1togasson el bemutat\u00f3term\u00fcnkbe, ahol \u00f6r\u00f6mmel bemutatjuk \u00d6nnek a kandall\u00f3kat, k\u00e1lyh\u00e1kat \u00e9s k\u00e9m\u00e9nyeket. K\u00e1lyha- \u00e9s k\u00e9m\u00e9nysepr\u0151ink \u00f6r\u00f6mmel adnak tan\u00e1csot, \u00e9s javasolnak egy az \u00d6n ig\u00e9nyeinek megfelel\u0151 megold\u00e1st. 8:00 &#8211; 16:00 &#8211; Brand\u00fds nad Labem, N\u00e1b\u0159e\u017e\u00ed 122\/6, 250 01 Telefonos egyeztet\u00e9s alapj\u00e1n nyitvatart\u00e1si id\u0151n k\u00edv\u00fcli l\u00e1togat\u00e1s is lehets\u00e9ges. M\u00e1r nagyon v\u00e1rjuk \u00d6nt, \u00e9s sz\u00edvesen [&hellip;]<\/p>\n","protected":false},"author":1,"featured_media":18214,"parent":0,"menu_order":50,"comment_status":"closed","ping_status":"closed","template":"templates\/template-kontakt.php","meta":{"_acf_changed":false,"footnotes":""},"class_list":["post-9347","page","type-page","status-publish","has-post-thumbnail","hentry"],"acf":[],"yoast_head":"<!-- This site is optimized with the Yoast SEO plugin v27.3 - https:\/\/yoast.com\/product\/yoast-seo-wordpress\/ -->\n<title>\u00c9rintkez\u00e9s | Flamen Czech Republic, s.r.o.<\/title>\n<meta name=\"robots\" content=\"index, follow, max-snippet:-1, max-image-preview:large, max-video-preview:-1\" \/>\n<link rel=\"canonical\" href=\"https:\/\/flamen.cz\/hu\/kontakt\/\" \/>\n<meta property=\"og:locale\" content=\"hu_HU\" \/>\n<meta property=\"og:type\" content=\"article\" \/>\n<meta property=\"og:title\" content=\"\u00c9rintkez\u00e9s | Flamen Czech Republic, s.r.o.\" \/>\n<meta property=\"og:description\" content=\"L\u00e1togasson el bemutat\u00f3term\u00fcnkbe L\u00e1togasson el bemutat\u00f3term\u00fcnkbe, ahol \u00f6r\u00f6mmel bemutatjuk \u00d6nnek a kandall\u00f3kat, k\u00e1lyh\u00e1kat \u00e9s k\u00e9m\u00e9nyeket. K\u00e1lyha- \u00e9s k\u00e9m\u00e9nysepr\u0151ink \u00f6r\u00f6mmel adnak tan\u00e1csot, \u00e9s javasolnak egy az \u00d6n ig\u00e9nyeinek megfelel\u0151 megold\u00e1st. 8:00 &#8211; 16:00 &#8211; Brand\u00fds nad Labem, N\u00e1b\u0159e\u017e\u00ed 122\/6, 250 01 Telefonos egyeztet\u00e9s alapj\u00e1n nyitvatart\u00e1si id\u0151n k\u00edv\u00fcli l\u00e1togat\u00e1s is lehets\u00e9ges. M\u00e1r nagyon v\u00e1rjuk \u00d6nt, \u00e9s sz\u00edvesen [&hellip;]\" \/>\n<meta property=\"og:url\" content=\"https:\/\/flamen.cz\/hu\/kontakt\/\" \/>\n<meta property=\"og:site_name\" content=\"Flamen Czech Republic, s.r.o.\" \/>\n<meta property=\"article:publisher\" content=\"https:\/\/www.facebook.com\/krbyakamnarocal\" \/>\n<meta property=\"article:modified_time\" content=\"2026-01-20T14:31:51+00:00\" \/>\n<meta property=\"og:image\" content=\"https:\/\/flamen.cz\/wp-content\/uploads\/2025\/08\/ChatGPT-Image-8.-8.-2025-13_54_53-1-1024x683.png\" \/>\n\t<meta property=\"og:image:width\" content=\"1024\" \/>\n\t<meta property=\"og:image:height\" content=\"683\" \/>\n\t<meta property=\"og:image:type\" content=\"image\/png\" \/>\n<meta name=\"twitter:card\" content=\"summary_large_image\" \/>\n<meta name=\"twitter:label1\" content=\"Becs\u00fclt olvas\u00e1si id\u0151\" \/>\n\t<meta name=\"twitter:data1\" content=\"1 perc\" \/>\n<script type=\"application\/ld+json\" class=\"yoast-schema-graph\">{\"@context\":\"https:\\\/\\\/schema.org\",\"@graph\":[{\"@type\":\"WebPage\",\"@id\":\"https:\\\/\\\/flamen.cz\\\/hu\\\/kontakt\\\/\",\"url\":\"https:\\\/\\\/flamen.cz\\\/hu\\\/kontakt\\\/\",\"name\":\"\u00c9rintkez\u00e9s | Flamen Czech Republic, s.r.o.\",\"isPartOf\":{\"@id\":\"https:\\\/\\\/flamen.cz\\\/#website\"},\"primaryImageOfPage\":{\"@id\":\"https:\\\/\\\/flamen.cz\\\/hu\\\/kontakt\\\/#primaryimage\"},\"image\":{\"@id\":\"https:\\\/\\\/flamen.cz\\\/hu\\\/kontakt\\\/#primaryimage\"},\"thumbnailUrl\":\"https:\\\/\\\/flamen.cz\\\/wp-content\\\/uploads\\\/2026\\\/03\\\/kontaktni-fotka-showroom-1.png\",\"datePublished\":\"2024-01-27T12:26:02+00:00\",\"dateModified\":\"2026-01-20T14:31:51+00:00\",\"breadcrumb\":{\"@id\":\"https:\\\/\\\/flamen.cz\\\/hu\\\/kontakt\\\/#breadcrumb\"},\"inLanguage\":\"hu\",\"potentialAction\":[{\"@type\":\"ReadAction\",\"target\":[\"https:\\\/\\\/flamen.cz\\\/hu\\\/kontakt\\\/\"]}]},{\"@type\":\"ImageObject\",\"inLanguage\":\"hu\",\"@id\":\"https:\\\/\\\/flamen.cz\\\/hu\\\/kontakt\\\/#primaryimage\",\"url\":\"https:\\\/\\\/flamen.cz\\\/wp-content\\\/uploads\\\/2026\\\/03\\\/kontaktni-fotka-showroom-1.png\",\"contentUrl\":\"https:\\\/\\\/flamen.cz\\\/wp-content\\\/uploads\\\/2026\\\/03\\\/kontaktni-fotka-showroom-1.png\",\"width\":940,\"height\":1671,\"caption\":\"Kontakt - Showroom Flamen Brand\u00fds nad Labem\"},{\"@type\":\"BreadcrumbList\",\"@id\":\"https:\\\/\\\/flamen.cz\\\/hu\\\/kontakt\\\/#breadcrumb\",\"itemListElement\":[{\"@type\":\"ListItem\",\"position\":1,\"name\":\"Dom\u016f\",\"item\":\"https:\\\/\\\/flamen.cz\\\/hu\\\/\"},{\"@type\":\"ListItem\",\"position\":2,\"name\":\"\u00c9rintkez\u00e9s\"}]},{\"@type\":\"WebSite\",\"@id\":\"https:\\\/\\\/flamen.cz\\\/#website\",\"url\":\"https:\\\/\\\/flamen.cz\\\/\",\"name\":\"Flamen Czech Republic, s.r.o.\",\"description\":\"FLAMEN dov\u00e1\u017e\u00ed a instaluje krby a kamna na d\u0159evo, pelety, plyn \u010di biol\u00edh, a stav\u00ed kom\u00edny.\",\"potentialAction\":[{\"@type\":\"SearchAction\",\"target\":{\"@type\":\"EntryPoint\",\"urlTemplate\":\"https:\\\/\\\/flamen.cz\\\/?s={search_term_string}\"},\"query-input\":{\"@type\":\"PropertyValueSpecification\",\"valueRequired\":true,\"valueName\":\"search_term_string\"}}],\"inLanguage\":\"hu\"}]}<\/script>\n<!-- \/ Yoast SEO plugin. -->","yoast_head_json":{"title":"\u00c9rintkez\u00e9s | Flamen Czech Republic, s.r.o.","robots":{"index":"index","follow":"follow","max-snippet":"max-snippet:-1","max-image-preview":"max-image-preview:large","max-video-preview":"max-video-preview:-1"},"canonical":"https:\/\/flamen.cz\/hu\/kontakt\/","og_locale":"hu_HU","og_type":"article","og_title":"\u00c9rintkez\u00e9s | Flamen Czech Republic, s.r.o.","og_description":"L\u00e1togasson el bemutat\u00f3term\u00fcnkbe L\u00e1togasson el bemutat\u00f3term\u00fcnkbe, ahol \u00f6r\u00f6mmel bemutatjuk \u00d6nnek a kandall\u00f3kat, k\u00e1lyh\u00e1kat \u00e9s k\u00e9m\u00e9nyeket. K\u00e1lyha- \u00e9s k\u00e9m\u00e9nysepr\u0151ink \u00f6r\u00f6mmel adnak tan\u00e1csot, \u00e9s javasolnak egy az \u00d6n ig\u00e9nyeinek megfelel\u0151 megold\u00e1st. 8:00 &#8211; 16:00 &#8211; Brand\u00fds nad Labem, N\u00e1b\u0159e\u017e\u00ed 122\/6, 250 01 Telefonos egyeztet\u00e9s alapj\u00e1n nyitvatart\u00e1si id\u0151n k\u00edv\u00fcli l\u00e1togat\u00e1s is lehets\u00e9ges. M\u00e1r nagyon v\u00e1rjuk \u00d6nt, \u00e9s sz\u00edvesen [&hellip;]","og_url":"https:\/\/flamen.cz\/hu\/kontakt\/","og_site_name":"Flamen Czech Republic, s.r.o.","article_publisher":"https:\/\/www.facebook.com\/krbyakamnarocal","article_modified_time":"2026-01-20T14:31:51+00:00","og_image":[{"width":1024,"height":683,"url":"https:\/\/flamen.cz\/wp-content\/uploads\/2025\/08\/ChatGPT-Image-8.-8.-2025-13_54_53-1-1024x683.png","type":"image\/png"}],"twitter_card":"summary_large_image","twitter_misc":{"Becs\u00fclt olvas\u00e1si id\u0151":"1 perc"},"schema":{"@context":"https:\/\/schema.org","@graph":[{"@type":"WebPage","@id":"https:\/\/flamen.cz\/hu\/kontakt\/","url":"https:\/\/flamen.cz\/hu\/kontakt\/","name":"\u00c9rintkez\u00e9s | Flamen Czech Republic, s.r.o.","isPartOf":{"@id":"https:\/\/flamen.cz\/#website"},"primaryImageOfPage":{"@id":"https:\/\/flamen.cz\/hu\/kontakt\/#primaryimage"},"image":{"@id":"https:\/\/flamen.cz\/hu\/kontakt\/#primaryimage"},"thumbnailUrl":"https:\/\/flamen.cz\/wp-content\/uploads\/2026\/03\/kontaktni-fotka-showroom-1.png","datePublished":"2024-01-27T12:26:02+00:00","dateModified":"2026-01-20T14:31:51+00:00","breadcrumb":{"@id":"https:\/\/flamen.cz\/hu\/kontakt\/#breadcrumb"},"inLanguage":"hu","potentialAction":[{"@type":"ReadAction","target":["https:\/\/flamen.cz\/hu\/kontakt\/"]}]},{"@type":"ImageObject","inLanguage":"hu","@id":"https:\/\/flamen.cz\/hu\/kontakt\/#primaryimage","url":"https:\/\/flamen.cz\/wp-content\/uploads\/2026\/03\/kontaktni-fotka-showroom-1.png","contentUrl":"https:\/\/flamen.cz\/wp-content\/uploads\/2026\/03\/kontaktni-fotka-showroom-1.png","width":940,"height":1671,"caption":"Kontakt - Showroom Flamen Brand\u00fds nad Labem"},{"@type":"BreadcrumbList","@id":"https:\/\/flamen.cz\/hu\/kontakt\/#breadcrumb","itemListElement":[{"@type":"ListItem","position":1,"name":"Dom\u016f","item":"https:\/\/flamen.cz\/hu\/"},{"@type":"ListItem","position":2,"name":"\u00c9rintkez\u00e9s"}]},{"@type":"WebSite","@id":"https:\/\/flamen.cz\/#website","url":"https:\/\/flamen.cz\/","name":"Flamen Czech Republic, s.r.o.","description":"FLAMEN dov\u00e1\u017e\u00ed a instaluje krby a kamna na d\u0159evo, pelety, plyn \u010di biol\u00edh, a stav\u00ed kom\u00edny.","potentialAction":[{"@type":"SearchAction","target":{"@type":"EntryPoint","urlTemplate":"https:\/\/flamen.cz\/?s={search_term_string}"},"query-input":{"@type":"PropertyValueSpecification","valueRequired":true,"valueName":"search_term_string"}}],"inLanguage":"hu"}]}},"_links":{"self":[{"href":"https:\/\/flamen.cz\/hu\/wp-json\/wp\/v2\/pages\/9347","targetHints":{"allow":["GET"]}}],"collection":[{"href":"https:\/\/flamen.cz\/hu\/wp-json\/wp\/v2\/pages"}],"about":[{"href":"https:\/\/flamen.cz\/hu\/wp-json\/wp\/v2\/types\/page"}],"author":[{"embeddable":true,"href":"https:\/\/flamen.cz\/hu\/wp-json\/wp\/v2\/users\/1"}],"replies":[{"embeddable":true,"href":"https:\/\/flamen.cz\/hu\/wp-json\/wp\/v2\/comments?post=9347"}],"version-history":[{"count":4,"href":"https:\/\/flamen.cz\/hu\/wp-json\/wp\/v2\/pages\/9347\/revisions"}],"predecessor-version":[{"id":14472,"href":"https:\/\/flamen.cz\/hu\/wp-json\/wp\/v2\/pages\/9347\/revisions\/14472"}],"wp:featuredmedia":[{"embeddable":true,"href":"https:\/\/flamen.cz\/hu\/wp-json\/wp\/v2\/media\/18214"}],"wp:attachment":[{"href":"https:\/\/flamen.cz\/hu\/wp-json\/wp\/v2\/media?parent=9347"}],"curies":[{"name":"wp","href":"https:\/\/api.w.org\/{rel}","templated":true}]}}